{"id":929,"date":"2022-03-28T08:07:38","date_gmt":"2022-03-28T08:07:38","guid":{"rendered":"https:\/\/www.arkadics.com\/?page_id=929"},"modified":"2023-01-21T11:15:07","modified_gmt":"2023-01-21T11:15:07","slug":"shop","status":"publish","type":"page","link":"https:\/\/www.arkadics.com\/en\/shop\/","title":{"rendered":"Shop"},"content":{"rendered":"<div data-elementor-type=\"wp-page\" data-elementor-id=\"929\" class=\"elementor elementor-929\">\n\t\t\t\t\t\t<section class=\"elementor-section elementor-top-section elementor-element elementor-element-5e65f75 elementor-section-boxed elementor-section-height-default elementor-section-height-default\" data-id=\"5e65f75\" data-element_type=\"section\" data-e-type=\"section\">\n\t\t\t\t\t\t<div class=\"elementor-container elementor-column-gap-default\">\n\t\t\t\t\t<div class=\"elementor-column elementor-col-100 elementor-top-column elementor-element elementor-element-4adeedf\" data-id=\"4adeedf\" data-element_type=\"column\" data-e-type=\"column\">\n\t\t\t<div class=\"elementor-widget-wrap elementor-element-populated\">\n\t\t\t\t\t\t<div class=\"elementor-element elementor-element-d869acf elementor-widget elementor-widget-heading\" data-id=\"d869acf\" data-element_type=\"widget\" data-e-type=\"widget\" data-widget_type=\"heading.default\">\n\t\t\t\t<div class=\"elementor-widget-container\">\n\t\t\t\t\t<h2 class=\"elementor-heading-title elementor-size-default\">Levyt<\/h2>\t\t\t\t<\/div>\n\t\t\t\t<\/div>\n\t\t\t\t\t<\/div>\n\t\t<\/div>\n\t\t\t\t\t<\/div>\n\t\t<\/section>\n\t\t\t\t<section class=\"elementor-section elementor-top-section elementor-element elementor-element-18b7b81 elementor-section-boxed elementor-section-height-default elementor-section-height-default\" data-id=\"18b7b81\" data-element_type=\"section\" data-e-type=\"section\">\n\t\t\t\t\t\t<div class=\"elementor-container elementor-column-gap-default\">\n\t\t\t\t\t<div class=\"elementor-column elementor-col-50 elementor-top-column elementor-element elementor-element-e67b9e1\" data-id=\"e67b9e1\" data-element_type=\"column\" data-e-type=\"column\">\n\t\t\t<div class=\"elementor-widget-wrap elementor-element-populated\">\n\t\t\t\t\t\t<div class=\"elementor-element elementor-element-2c0b8c0 elementor-widget elementor-widget-heading\" data-id=\"2c0b8c0\" data-element_type=\"widget\" data-e-type=\"widget\" data-widget_type=\"heading.default\">\n\t\t\t\t<div class=\"elementor-widget-container\">\n\t\t\t\t\t<h2 class=\"elementor-heading-title elementor-size-default\">Markku Renko: Soul Searching (CD)<\/h2>\t\t\t\t<\/div>\n\t\t\t\t<\/div>\n\t\t\t\t<div class=\"elementor-element elementor-element-559c816 elementor-widget elementor-widget-text-editor\" data-id=\"559c816\" data-element_type=\"widget\" data-e-type=\"widget\" data-widget_type=\"text-editor.default\">\n\t\t\t\t<div class=\"elementor-widget-container\">\n\t\t\t\t\t\t\t\t\t<p>12 \u20ac + alv<\/p><p><strong>Sold Out!<\/strong><\/p>\t\t\t\t\t\t\t\t<\/div>\n\t\t\t\t<\/div>\n\t\t\t\t\t<\/div>\n\t\t<\/div>\n\t\t\t\t<div class=\"elementor-column elementor-col-50 elementor-top-column elementor-element elementor-element-4234a32\" data-id=\"4234a32\" data-element_type=\"column\" data-e-type=\"column\">\n\t\t\t<div class=\"elementor-widget-wrap elementor-element-populated\">\n\t\t\t\t\t\t<div class=\"elementor-element elementor-element-5173e07 elementor-widget elementor-widget-image\" data-id=\"5173e07\" data-element_type=\"widget\" data-e-type=\"widget\" data-widget_type=\"image.default\">\n\t\t\t\t<div class=\"elementor-widget-container\">\n\t\t\t\t\t\t\t\t\t\t\t\t\t\t\t<img fetchpriority=\"high\" decoding=\"async\" width=\"1024\" height=\"1004\" src=\"https:\/\/www.arkadics.com\/wp-content\/uploads\/2022\/03\/soulsearching-1-1024x1004.jpg\" class=\"attachment-large size-large wp-image-987\" alt=\"\" srcset=\"https:\/\/www.arkadics.com\/wp-content\/uploads\/2022\/03\/soulsearching-1-1024x1004.jpg 1024w, https:\/\/www.arkadics.com\/wp-content\/uploads\/2022\/03\/soulsearching-1-300x294.jpg 300w, https:\/\/www.arkadics.com\/wp-content\/uploads\/2022\/03\/soulsearching-1-768x753.jpg 768w, https:\/\/www.arkadics.com\/wp-content\/uploads\/2022\/03\/soulsearching-1.jpg 1182w\" sizes=\"(max-width: 1024px) 100vw, 1024px\" \/>\t\t\t\t\t\t\t\t\t\t\t\t\t\t\t<\/div>\n\t\t\t\t<\/div>\n\t\t\t\t\t<\/div>\n\t\t<\/div>\n\t\t\t\t\t<\/div>\n\t\t<\/section>\n\t\t\t\t<section class=\"elementor-section elementor-top-section elementor-element elementor-element-54e6ab8 elementor-section-boxed elementor-section-height-default elementor-section-height-default\" data-id=\"54e6ab8\" data-element_type=\"section\" data-e-type=\"section\">\n\t\t\t\t\t\t<div class=\"elementor-container elementor-column-gap-default\">\n\t\t\t\t\t<div class=\"elementor-column elementor-col-50 elementor-top-column elementor-element elementor-element-44e61a7\" data-id=\"44e61a7\" data-element_type=\"column\" data-e-type=\"column\">\n\t\t\t<div class=\"elementor-widget-wrap elementor-element-populated\">\n\t\t\t\t\t\t<div class=\"elementor-element elementor-element-90314c7 elementor-widget elementor-widget-heading\" data-id=\"90314c7\" data-element_type=\"widget\" data-e-type=\"widget\" data-widget_type=\"heading.default\">\n\t\t\t\t<div class=\"elementor-widget-container\">\n\t\t\t\t\t<h2 class=\"elementor-heading-title elementor-size-default\">Rengon Keinu (CD)<\/h2>\t\t\t\t<\/div>\n\t\t\t\t<\/div>\n\t\t\t\t<div class=\"elementor-element elementor-element-a81617b elementor-widget elementor-widget-text-editor\" data-id=\"a81617b\" data-element_type=\"widget\" data-e-type=\"widget\" data-widget_type=\"text-editor.default\">\n\t\t\t\t<div class=\"elementor-widget-container\">\n\t\t\t\t\t\t\t\t\t<p><span style=\"left: 398.52px; top: 317.574px; font-size: 15.6626px; font-family: sans-serif; transform: scaleX(0.999581);\">12 <\/span><span style=\"left: 420.2946047517333px; top: 317.57375446223955px; font-size: 15.662647999999999px; font-family: monospace;\">\u20ac<\/span><span style=\"left: 431.949px; top: 317.574px; font-size: 15.6626px; font-family: sans-serif; transform: scaleX(0.999708);\"> + alv<\/span><\/p>\t\t\t\t\t\t\t\t<\/div>\n\t\t\t\t<\/div>\n\t\t\t\t\t<\/div>\n\t\t<\/div>\n\t\t\t\t<div class=\"elementor-column elementor-col-50 elementor-top-column elementor-element elementor-element-a7baa4e\" data-id=\"a7baa4e\" data-element_type=\"column\" data-e-type=\"column\">\n\t\t\t<div class=\"elementor-widget-wrap elementor-element-populated\">\n\t\t\t\t\t\t<div class=\"elementor-element elementor-element-d84b949 elementor-widget elementor-widget-image\" data-id=\"d84b949\" data-element_type=\"widget\" data-e-type=\"widget\" data-widget_type=\"image.default\">\n\t\t\t\t<div class=\"elementor-widget-container\">\n\t\t\t\t\t\t\t\t\t\t\t\t\t\t\t<img decoding=\"async\" width=\"1024\" height=\"1021\" src=\"https:\/\/www.arkadics.com\/wp-content\/uploads\/2022\/03\/rengonkeinu_2-1024x1021.jpg\" class=\"attachment-large size-large wp-image-985\" alt=\"\" srcset=\"https:\/\/www.arkadics.com\/wp-content\/uploads\/2022\/03\/rengonkeinu_2-1024x1021.jpg 1024w, https:\/\/www.arkadics.com\/wp-content\/uploads\/2022\/03\/rengonkeinu_2-300x300.jpg 300w, https:\/\/www.arkadics.com\/wp-content\/uploads\/2022\/03\/rengonkeinu_2-150x150.jpg 150w, https:\/\/www.arkadics.com\/wp-content\/uploads\/2022\/03\/rengonkeinu_2-768x766.jpg 768w, https:\/\/www.arkadics.com\/wp-content\/uploads\/2022\/03\/rengonkeinu_2-510x510.jpg 510w, https:\/\/www.arkadics.com\/wp-content\/uploads\/2022\/03\/rengonkeinu_2.jpg 1180w\" sizes=\"(max-width: 1024px) 100vw, 1024px\" \/>\t\t\t\t\t\t\t\t\t\t\t\t\t\t\t<\/div>\n\t\t\t\t<\/div>\n\t\t\t\t\t<\/div>\n\t\t<\/div>\n\t\t\t\t\t<\/div>\n\t\t<\/section>\n\t\t\t\t<section class=\"elementor-section elementor-top-section elementor-element elementor-element-1485d44 elementor-section-boxed elementor-section-height-default elementor-section-height-default\" data-id=\"1485d44\" data-element_type=\"section\" data-e-type=\"section\">\n\t\t\t\t\t\t<div class=\"elementor-container elementor-column-gap-default\">\n\t\t\t\t\t<div class=\"elementor-column elementor-col-50 elementor-top-column elementor-element elementor-element-b9b459b\" data-id=\"b9b459b\" data-element_type=\"column\" data-e-type=\"column\">\n\t\t\t<div class=\"elementor-widget-wrap elementor-element-populated\">\n\t\t\t\t\t\t<div class=\"elementor-element elementor-element-adc4b95 elementor-widget elementor-widget-heading\" data-id=\"adc4b95\" data-element_type=\"widget\" data-e-type=\"widget\" data-widget_type=\"heading.default\">\n\t\t\t\t<div class=\"elementor-widget-container\">\n\t\t\t\t\t<h2 class=\"elementor-heading-title elementor-size-default\">Rengon Keinu: 015 Groove (CD)<\/h2>\t\t\t\t<\/div>\n\t\t\t\t<\/div>\n\t\t\t\t<div class=\"elementor-element elementor-element-05ff158 elementor-widget elementor-widget-text-editor\" data-id=\"05ff158\" data-element_type=\"widget\" data-e-type=\"widget\" data-widget_type=\"text-editor.default\">\n\t\t\t\t<div class=\"elementor-widget-container\">\n\t\t\t\t\t\t\t\t\t<p>12 \u20ac + alv<\/p>\t\t\t\t\t\t\t\t<\/div>\n\t\t\t\t<\/div>\n\t\t\t\t\t<\/div>\n\t\t<\/div>\n\t\t\t\t<div class=\"elementor-column elementor-col-50 elementor-top-column elementor-element elementor-element-6e89071\" data-id=\"6e89071\" data-element_type=\"column\" data-e-type=\"column\">\n\t\t\t<div class=\"elementor-widget-wrap elementor-element-populated\">\n\t\t\t\t\t\t<div class=\"elementor-element elementor-element-2cf48f3 elementor-widget elementor-widget-image\" data-id=\"2cf48f3\" data-element_type=\"widget\" data-e-type=\"widget\" data-widget_type=\"image.default\">\n\t\t\t\t<div class=\"elementor-widget-container\">\n\t\t\t\t\t\t\t\t\t\t\t\t\t\t\t<img decoding=\"async\" width=\"1007\" height=\"1024\" src=\"https:\/\/www.arkadics.com\/wp-content\/uploads\/2022\/03\/rengonkeinu_1-1007x1024.jpg\" class=\"attachment-large size-large wp-image-984\" alt=\"\" srcset=\"https:\/\/www.arkadics.com\/wp-content\/uploads\/2022\/03\/rengonkeinu_1-1007x1024.jpg 1007w, https:\/\/www.arkadics.com\/wp-content\/uploads\/2022\/03\/rengonkeinu_1-295x300.jpg 295w, https:\/\/www.arkadics.com\/wp-content\/uploads\/2022\/03\/rengonkeinu_1-768x781.jpg 768w, https:\/\/www.arkadics.com\/wp-content\/uploads\/2022\/03\/rengonkeinu_1.jpg 1227w\" sizes=\"(max-width: 1007px) 100vw, 1007px\" \/>\t\t\t\t\t\t\t\t\t\t\t\t\t\t\t<\/div>\n\t\t\t\t<\/div>\n\t\t\t\t\t<\/div>\n\t\t<\/div>\n\t\t\t\t\t<\/div>\n\t\t<\/section>\n\t\t\t\t<section class=\"elementor-section elementor-top-section elementor-element elementor-element-9633e65 elementor-section-boxed elementor-section-height-default elementor-section-height-default\" data-id=\"9633e65\" data-element_type=\"section\" data-e-type=\"section\">\n\t\t\t\t\t\t<div class=\"elementor-container elementor-column-gap-default\">\n\t\t\t\t\t<div class=\"elementor-column elementor-col-50 elementor-top-column elementor-element elementor-element-047558d\" data-id=\"047558d\" data-element_type=\"column\" data-e-type=\"column\">\n\t\t\t<div class=\"elementor-widget-wrap elementor-element-populated\">\n\t\t\t\t\t\t<div class=\"elementor-element elementor-element-a0dd5c4 elementor-widget elementor-widget-heading\" data-id=\"a0dd5c4\" data-element_type=\"widget\" data-e-type=\"widget\" data-widget_type=\"heading.default\">\n\t\t\t\t<div class=\"elementor-widget-container\">\n\t\t\t\t\t<h2 class=\"elementor-heading-title elementor-size-default\">Arkadics-lahjakortti<\/h2>\t\t\t\t<\/div>\n\t\t\t\t<\/div>\n\t\t\t\t<div class=\"elementor-element elementor-element-711ca20 elementor-widget elementor-widget-text-editor\" data-id=\"711ca20\" data-element_type=\"widget\" data-e-type=\"widget\" data-widget_type=\"text-editor.default\">\n\t\t\t\t<div class=\"elementor-widget-container\">\n\t\t\t\t\t\t\t\t\t<p>Ilahduta yst\u00e4v\u00e4\u00e4si tai l\u00e4heist\u00e4si musiikillisella el\u00e4myksell\u00e4! Lahjakortin voi k\u00e4ytt\u00e4\u00e4 Music Academyn yksitt\u00e4isiin tunteihin ja kursseihin, tai ostoksiin verkkokaupastamme.<\/p>\t\t\t\t\t\t\t\t<\/div>\n\t\t\t\t<\/div>\n\t\t\t\t\t<\/div>\n\t\t<\/div>\n\t\t\t\t<div class=\"elementor-column elementor-col-50 elementor-top-column elementor-element elementor-element-f03eb26\" data-id=\"f03eb26\" data-element_type=\"column\" data-e-type=\"column\">\n\t\t\t<div class=\"elementor-widget-wrap elementor-element-populated\">\n\t\t\t\t\t\t<div class=\"elementor-element elementor-element-9cb1659 elementor-widget elementor-widget-image\" data-id=\"9cb1659\" data-element_type=\"widget\" data-e-type=\"widget\" data-widget_type=\"image.default\">\n\t\t\t\t<div class=\"elementor-widget-container\">\n\t\t\t\t\t\t\t\t\t\t\t\t\t\t\t<img loading=\"lazy\" decoding=\"async\" width=\"1024\" height=\"727\" src=\"https:\/\/www.arkadics.com\/wp-content\/uploads\/2023\/01\/arkadics_giftcard_front_A6-1024x727.png\" class=\"attachment-large size-large wp-image-1632\" alt=\"\" srcset=\"https:\/\/www.arkadics.com\/wp-content\/uploads\/2023\/01\/arkadics_giftcard_front_A6-1024x727.png 1024w, https:\/\/www.arkadics.com\/wp-content\/uploads\/2023\/01\/arkadics_giftcard_front_A6-300x213.png 300w, https:\/\/www.arkadics.com\/wp-content\/uploads\/2023\/01\/arkadics_giftcard_front_A6-768x545.png 768w, https:\/\/www.arkadics.com\/wp-content\/uploads\/2023\/01\/arkadics_giftcard_front_A6-1536x1091.png 1536w, https:\/\/www.arkadics.com\/wp-content\/uploads\/2023\/01\/arkadics_giftcard_front_A6-2048x1454.png 2048w, https:\/\/www.arkadics.com\/wp-content\/uploads\/2023\/01\/arkadics_giftcard_front_A6-18x12.png 18w\" sizes=\"(max-width: 1024px) 100vw, 1024px\" \/>\t\t\t\t\t\t\t\t\t\t\t\t\t\t\t<\/div>\n\t\t\t\t<\/div>\n\t\t\t\t\t<\/div>\n\t\t<\/div>\n\t\t\t\t\t<\/div>\n\t\t<\/section>\n\t\t\t\t<section class=\"elementor-section elementor-top-section elementor-element elementor-element-1b817fd elementor-section-boxed elementor-section-height-default elementor-section-height-default\" data-id=\"1b817fd\" data-element_type=\"section\" data-e-type=\"section\">\n\t\t\t\t\t\t<div class=\"elementor-container elementor-column-gap-default\">\n\t\t\t\t\t<div class=\"elementor-column elementor-col-100 elementor-top-column elementor-element elementor-element-dbd459a\" data-id=\"dbd459a\" data-element_type=\"column\" data-e-type=\"column\">\n\t\t\t<div class=\"elementor-widget-wrap elementor-element-populated\">\n\t\t\t\t\t\t<div class=\"elementor-element elementor-element-efa2003 elementor-align-center elementor-invisible elementor-widget elementor-widget-button\" data-id=\"efa2003\" data-element_type=\"widget\" data-e-type=\"widget\" data-settings=\"{&quot;_animation&quot;:&quot;fadeInUp&quot;}\" data-widget_type=\"button.default\">\n\t\t\t\t<div class=\"elementor-widget-container\">\n\t\t\t\t\t\t\t\t\t<div class=\"elementor-button-wrapper\">\n\t\t\t\t\t<a class=\"elementor-button elementor-button-link elementor-size-sm\" href=\"https:\/\/www.arkadics.com\/en\/?page_id=274\">\n\t\t\t\t\t\t<span class=\"elementor-button-content-wrapper\">\n\t\t\t\t\t\t\t\t\t<span class=\"elementor-button-text\">Ask more<\/span>\n\t\t\t\t\t<\/span>\n\t\t\t\t\t<\/a>\n\t\t\t\t<\/div>\n\t\t\t\t\t\t\t\t<\/div>\n\t\t\t\t<\/div>\n\t\t\t\t\t<\/div>\n\t\t<\/div>\n\t\t\t\t\t<\/div>\n\t\t<\/section>\n\t\t\t\t<\/div>","protected":false},"excerpt":{"rendered":"<p>Levyt Markku Renko: Soul Searching (CD) 12 \u20ac + alv Sold Out! Rengon Keinu (CD) 12 \u20ac + alv Rengon Keinu: 015 Groove (CD) 12 \u20ac + alv Arkadics-lahjakortti Ilahduta yst\u00e4v\u00e4\u00e4si tai l\u00e4heist\u00e4si musiikillisella el\u00e4myksell\u00e4! Lahjakortin voi k\u00e4ytt\u00e4\u00e4 Music Academyn yksitt\u00e4isiin tunteihin ja kursseihin, tai ostoksiin verkkokaupastamme. Kysy lis\u00e4\u00e4<\/p>","protected":false},"author":1,"featured_media":0,"parent":0,"menu_order":0,"comment_status":"closed","ping_status":"closed","template":"elementor_header_footer","meta":{"_monsterinsights_skip_tracking":false,"_monsterinsights_sitenote_active":false,"_monsterinsights_sitenote_note":"","_monsterinsights_sitenote_category":0,"footnotes":""},"class_list":["post-929","page","type-page","status-publish","czr-hentry"],"aioseo_notices":[],"_links":{"self":[{"href":"https:\/\/www.arkadics.com\/en\/wp-json\/wp\/v2\/pages\/929","targetHints":{"allow":["GET"]}}],"collection":[{"href":"https:\/\/www.arkadics.com\/en\/wp-json\/wp\/v2\/pages"}],"about":[{"href":"https:\/\/www.arkadics.com\/en\/wp-json\/wp\/v2\/types\/page"}],"author":[{"embeddable":true,"href":"https:\/\/www.arkadics.com\/en\/wp-json\/wp\/v2\/users\/1"}],"replies":[{"embeddable":true,"href":"https:\/\/www.arkadics.com\/en\/wp-json\/wp\/v2\/comments?post=929"}],"version-history":[{"count":37,"href":"https:\/\/www.arkadics.com\/en\/wp-json\/wp\/v2\/pages\/929\/revisions"}],"predecessor-version":[{"id":1635,"href":"https:\/\/www.arkadics.com\/en\/wp-json\/wp\/v2\/pages\/929\/revisions\/1635"}],"wp:attachment":[{"href":"https:\/\/www.arkadics.com\/en\/wp-json\/wp\/v2\/media?parent=929"}],"curies":[{"name":"wp","href":"https:\/\/api.w.org\/{rel}","templated":true}]}}