{"id":555,"date":"2022-03-25T14:18:28","date_gmt":"2022-03-25T14:18:28","guid":{"rendered":"https:\/\/www.arkadics.com\/?page_id=555"},"modified":"2022-03-25T14:24:20","modified_gmt":"2022-03-25T14:24:20","slug":"about-us-2","status":"publish","type":"page","link":"https:\/\/www.arkadics.com\/en\/about-us-2\/","title":{"rendered":"Terms of Policy"},"content":{"rendered":"<div data-elementor-type=\"wp-page\" data-elementor-id=\"555\" class=\"elementor elementor-555\">\n\t\t\t\t\t\t<section class=\"elementor-section elementor-top-section elementor-element elementor-element-18b7b81 elementor-section-boxed elementor-section-height-default elementor-section-height-default\" data-id=\"18b7b81\" data-element_type=\"section\" data-e-type=\"section\">\n\t\t\t\t\t\t<div class=\"elementor-container elementor-column-gap-default\">\n\t\t\t\t\t<div class=\"elementor-column elementor-col-100 elementor-top-column elementor-element elementor-element-e67b9e1\" data-id=\"e67b9e1\" data-element_type=\"column\" data-e-type=\"column\">\n\t\t\t<div class=\"elementor-widget-wrap elementor-element-populated\">\n\t\t\t\t\t\t<div class=\"elementor-element elementor-element-d869acf elementor-widget elementor-widget-heading\" data-id=\"d869acf\" data-element_type=\"widget\" data-e-type=\"widget\" data-widget_type=\"heading.default\">\n\t\t\t\t<div class=\"elementor-widget-container\">\n\t\t\t\t\t<h2 class=\"elementor-heading-title elementor-size-default\">TERMS OF POLICY<\/h2>\t\t\t\t<\/div>\n\t\t\t\t<\/div>\n\t\t\t\t<div class=\"elementor-element elementor-element-559c816 elementor-widget elementor-widget-text-editor\" data-id=\"559c816\" data-element_type=\"widget\" data-e-type=\"widget\" data-widget_type=\"text-editor.default\">\n\t\t\t\t<div class=\"elementor-widget-container\">\n\t\t\t\t\t\t\t\t\t<p>T\u00e4m\u00e4n p\u00e4iv\u00e4n musiikkialan asettamat ammattitaitovaatimukset ja ankara kilpailu ovat kovemmat kuin koskaan aikaisemmin. Arkadics Ltd Oy:n tarjoama koulutus perustuu kokemukseen, jonka mukaan menesty\u00e4kseen musiikkialalla opiskelijoiden on alusta alkaen saatava parasta mahdollista tarjolla olevaa koulutusta. T\u00e4m\u00e4 ideaali otetaan huomioon jo musiikin perusopetuksessa.<\/p><p>Arkadics Ltd Oy:n tarjoama koulutus on tavoitteellista. Kotiteht\u00e4v\u00e4t ja s\u00e4\u00e4nn\u00f6llinen harjoittelu kuuluvat opintoihin. Opiskelijoille luodaan esiintymismahdollisuuksia erilaisissa matineoissa ja konserteissa.<\/p><p>Opiskelupaikka vahvistetaan maksamalla kurssimaksu kahden viikon kuluttua ensimm\u00e4isest\u00e4 oppitunnista. Mik\u00e4li oppilas keskeytt\u00e4\u00e4 tai lopettaa opintonsa kurssin jo alettua, ei kurssimaksua palauteta. Kurssimaksut voidaan tarvittaessa maksaa my\u00f6s nelj\u00e4ss\u00e4 kuukausier\u00e4ss\u00e4.<\/p><p>Tuntien siirto on aina tapauskohtaista, ja siit\u00e4 sovitaan opettajan kanssa. Yksitt\u00e4isten oppituntien osalta opettaja ei ole velvollinen muuttamaan tunnin aikaa mik\u00e4li siirto aiheuttaa hankaluuksia muuhun ty\u00f6j\u00e4rjestykseen.<\/p><p>Opiskelijoilla on mahdollisuus suorittaa tutkintoja.Yksityisen\u00e4 musiikkikouluna Arkadics m\u00e4\u00e4rittelee kurssien ja kurssitutkintojen sis\u00e4ll\u00f6t, eiv\u00e4tk\u00e4 ne perustu valtionrahoitteisten musiikkioppilaitosten oppisis\u00e4lt\u00f6ihin. Arkadics Ltd Oy voi tarvittaessa my\u00f6s j\u00e4rjest\u00e4\u00e4 ammatillisia tutkintoja yhteisty\u00f6ss\u00e4 alan eri toimijoiden kanssa.<\/p>\t\t\t\t\t\t\t\t<\/div>\n\t\t\t\t<\/div>\n\t\t\t\t\t<\/div>\n\t\t<\/div>\n\t\t\t\t\t<\/div>\n\t\t<\/section>\n\t\t\t\t<section class=\"elementor-section elementor-top-section elementor-element elementor-element-97c51d7 elementor-section-boxed elementor-section-height-default elementor-section-height-default\" data-id=\"97c51d7\" data-element_type=\"section\" data-e-type=\"section\">\n\t\t\t\t\t\t<div class=\"elementor-container elementor-column-gap-default\">\n\t\t\t\t\t<div class=\"elementor-column elementor-col-100 elementor-top-column elementor-element elementor-element-1313b26\" data-id=\"1313b26\" data-element_type=\"column\" data-e-type=\"column\">\n\t\t\t<div class=\"elementor-widget-wrap elementor-element-populated\">\n\t\t\t\t\t\t<div class=\"elementor-element elementor-element-3dda759 elementor-widget elementor-widget-heading\" data-id=\"3dda759\" data-element_type=\"widget\" data-e-type=\"widget\" data-widget_type=\"heading.default\">\n\t\t\t\t<div class=\"elementor-widget-container\">\n\t\t\t\t\t<h2 class=\"elementor-heading-title elementor-size-default\">HINNASTO<\/h2>\t\t\t\t<\/div>\n\t\t\t\t<\/div>\n\t\t\t\t<div class=\"elementor-element elementor-element-f9b51d8 elementor-widget elementor-widget-text-editor\" data-id=\"f9b51d8\" data-element_type=\"widget\" data-e-type=\"widget\" data-widget_type=\"text-editor.default\">\n\t\t\t\t<div class=\"elementor-widget-container\">\n\t\t\t\t\t\t\t\t\t<table><tbody><tr><td><span style=\"color: #000000;\">Yksitt\u00e4iset tunnit<\/span><\/td><td><span style=\"color: #000000;\">1 x 60 min.<\/span><\/td><td><span style=\"color: #000000;\">50 \u20ac + alv 24 %<\/span><\/td><\/tr><tr><td><span style=\"color: #000000;\">Zoom-tunnit<\/span><\/td><td><span style=\"color: #000000;\">1 x 60 min.<\/span><\/td><td><span style=\"color: #000000;\">75 \u20ac + alv 24 %<\/span><\/td><\/tr><tr><td><span style=\"color: #000000;\">Instrument Classes<\/span><\/td><td><span style=\"color: #000000;\">16 x 60 min.<\/span><\/td><td><span style=\"color: #000000;\">380 \u20ac + alv 24 %<\/span><\/td><\/tr><tr><td><span style=\"color: #000000;\">Improvisointitunnit<\/span><\/td><td><span style=\"color: #000000;\">16 x 60 min.<\/span><\/td><td><span style=\"color: #000000;\">380 \u20ac + alv 24 %<\/span><\/td><\/tr><tr><td><span style=\"color: #000000;\">Big Band sivuaineena<\/span><\/td><td><span style=\"color: #000000;\">5 x 90 min.<\/span><\/td><td><span style=\"color: #000000;\">50 \u20ac + alv 24 %<\/span><\/td><\/tr><tr><td><span style=\"color: #000000;\">Arranging Class<\/span><\/td><td><span style=\"color: #000000;\">16 x 75 min.<\/span><\/td><td><span style=\"color: #000000;\">400 \u20ac + alv 24 %<\/span><\/td><\/tr><tr><td><span style=\"color: #000000;\">Conducting Class<\/span><\/td><td><span style=\"color: #000000;\">16 x 75 min.<\/span><\/td><td><span style=\"color: #000000;\">400 \u20ac + alv 24 %<\/span><\/td><\/tr><tr><td><span style=\"color: #000000;\">Inner Game of Music<\/span><\/td><td><span style=\"color: #000000;\">16 x 75 min.<\/span><\/td><td><span style=\"color: #000000;\">400 \u20ac + alv 24 %<\/span><\/td><\/tr><tr><td><span style=\"color: #000000;\">S\u00e4veltapailu ja teoria sivuaineena<\/span><\/td><td><span style=\"color: #000000;\">16 x 60 min.<\/span><\/td><td><span style=\"color: #000000;\">150 \u20ac + alv 24 %<\/span><\/td><\/tr><tr><td><span style=\"color: #000000;\">S\u00e4veltapailu ja teoria p\u00e4\u00e4aineena<\/span><\/td><td><span style=\"color: #000000;\">16 x 60 min.<\/span><\/td><td><span style=\"color: #000000;\">380 \u20ac + alv 24 %<\/span><\/td><\/tr><tr><td><span style=\"color: #000000;\">Music Camp<\/span><\/td><td><span style=\"color: #000000;\">5 x 135 min.<\/span><\/td><td><span style=\"color: #000000;\">60 \u20ac + alv 24 % + kirjausmaksu 10 \u20ac<\/span><\/td><\/tr><tr><td><span style=\"color: #000000;\">Soittimien vuokraus<\/span><\/td><td><span style=\"color: #000000;\">1 kk<\/span><\/td><td><span style=\"color: #000000;\">50 \u20ac + alv 24 %<\/span><\/td><\/tr><\/tbody><\/table>\t\t\t\t\t\t\t\t<\/div>\n\t\t\t\t<\/div>\n\t\t\t\t<div class=\"elementor-element elementor-element-a41a895 elementor-widget elementor-widget-text-editor\" data-id=\"a41a895\" data-element_type=\"widget\" data-e-type=\"widget\" data-widget_type=\"text-editor.default\">\n\t\t\t\t<div class=\"elementor-widget-container\">\n\t\t\t\t\t\t\t\t\t<p>Kurssimaksuja voidaan nostaa kohonneiden opetuskustannusten mukaan.<\/p>\t\t\t\t\t\t\t\t<\/div>\n\t\t\t\t<\/div>\n\t\t\t\t<div class=\"elementor-element elementor-element-1aa4072 elementor-align-center elementor-invisible elementor-widget elementor-widget-button\" data-id=\"1aa4072\" data-element_type=\"widget\" data-e-type=\"widget\" data-settings=\"{&quot;_animation&quot;:&quot;fadeInUp&quot;}\" data-widget_type=\"button.default\">\n\t\t\t\t<div class=\"elementor-widget-container\">\n\t\t\t\t\t\t\t\t\t<div class=\"elementor-button-wrapper\">\n\t\t\t\t\t<a class=\"elementor-button elementor-button-link elementor-size-sm\" href=\"http:\/\/www.arkadics.com\/wp-content\/uploads\/2022\/03\/Arkadics-terms-of-policy.pdf\">\n\t\t\t\t\t\t<span class=\"elementor-button-content-wrapper\">\n\t\t\t\t\t\t\t\t\t<span class=\"elementor-button-text\">Lataa hinnasto<\/span>\n\t\t\t\t\t<\/span>\n\t\t\t\t\t<\/a>\n\t\t\t\t<\/div>\n\t\t\t\t\t\t\t\t<\/div>\n\t\t\t\t<\/div>\n\t\t\t\t\t<\/div>\n\t\t<\/div>\n\t\t\t\t\t<\/div>\n\t\t<\/section>\n\t\t\t\t<\/div>","protected":false},"excerpt":{"rendered":"<p>TERMS OF POLICY T\u00e4m\u00e4n p\u00e4iv\u00e4n musiikkialan asettamat ammattitaitovaatimukset ja ankara kilpailu ovat kovemmat kuin koskaan aikaisemmin. Arkadics Ltd Oy:n tarjoama koulutus perustuu kokemukseen, jonka mukaan menesty\u00e4kseen musiikkialalla opiskelijoiden on alusta alkaen saatava parasta mahdollista tarjolla olevaa koulutusta. T\u00e4m\u00e4 ideaali otetaan huomioon jo musiikin perusopetuksessa. Arkadics Ltd Oy:n tarjoama koulutus on tavoitteellista. Kotiteht\u00e4v\u00e4t ja s\u00e4\u00e4nn\u00f6llinen harjoittelu [&hellip;]<\/p>\n","protected":false},"author":1,"featured_media":0,"parent":0,"menu_order":0,"comment_status":"closed","ping_status":"closed","template":"elementor_header_footer","meta":{"_monsterinsights_skip_tracking":false,"_monsterinsights_sitenote_active":false,"_monsterinsights_sitenote_note":"","_monsterinsights_sitenote_category":0,"footnotes":""},"class_list":["post-555","page","type-page","status-publish","czr-hentry"],"aioseo_notices":[],"_links":{"self":[{"href":"https:\/\/www.arkadics.com\/en\/wp-json\/wp\/v2\/pages\/555","targetHints":{"allow":["GET"]}}],"collection":[{"href":"https:\/\/www.arkadics.com\/en\/wp-json\/wp\/v2\/pages"}],"about":[{"href":"https:\/\/www.arkadics.com\/en\/wp-json\/wp\/v2\/types\/page"}],"author":[{"embeddable":true,"href":"https:\/\/www.arkadics.com\/en\/wp-json\/wp\/v2\/users\/1"}],"replies":[{"embeddable":true,"href":"https:\/\/www.arkadics.com\/en\/wp-json\/wp\/v2\/comments?post=555"}],"version-history":[{"count":14,"href":"https:\/\/www.arkadics.com\/en\/wp-json\/wp\/v2\/pages\/555\/revisions"}],"predecessor-version":[{"id":573,"href":"https:\/\/www.arkadics.com\/en\/wp-json\/wp\/v2\/pages\/555\/revisions\/573"}],"wp:attachment":[{"href":"https:\/\/www.arkadics.com\/en\/wp-json\/wp\/v2\/media?parent=555"}],"curies":[{"name":"wp","href":"https:\/\/api.w.org\/{rel}","templated":true}]}}