{"id":543,"date":"2022-03-25T14:12:25","date_gmt":"2022-03-25T14:12:25","guid":{"rendered":"https:\/\/www.arkadics.com\/?page_id=543"},"modified":"2022-07-05T10:30:34","modified_gmt":"2022-07-05T10:30:34","slug":"arkadics-ltd-oy","status":"publish","type":"page","link":"https:\/\/www.arkadics.com\/en\/arkadics-ltd-oy\/","title":{"rendered":"Arkadics Ltd Oy"},"content":{"rendered":"<div data-elementor-type=\"wp-page\" data-elementor-id=\"543\" class=\"elementor elementor-543\">\n\t\t\t\t\t\t<section class=\"elementor-section elementor-top-section elementor-element elementor-element-18b7b81 elementor-section-boxed elementor-section-height-default elementor-section-height-default\" data-id=\"18b7b81\" data-element_type=\"section\" data-e-type=\"section\">\n\t\t\t\t\t\t<div class=\"elementor-container elementor-column-gap-default\">\n\t\t\t\t\t<div class=\"elementor-column elementor-col-100 elementor-top-column elementor-element elementor-element-e67b9e1\" data-id=\"e67b9e1\" data-element_type=\"column\" data-e-type=\"column\">\n\t\t\t<div class=\"elementor-widget-wrap elementor-element-populated\">\n\t\t\t\t\t\t<div class=\"elementor-element elementor-element-d869acf elementor-widget elementor-widget-heading\" data-id=\"d869acf\" data-element_type=\"widget\" data-e-type=\"widget\" data-widget_type=\"heading.default\">\n\t\t\t\t<div class=\"elementor-widget-container\">\n\t\t\t\t\t<h2 class=\"elementor-heading-title elementor-size-default\">Arkadics\u00ae Ltd Oy<\/h2>\t\t\t\t<\/div>\n\t\t\t\t<\/div>\n\t\t\t\t<div class=\"elementor-element elementor-element-559c816 elementor-widget elementor-widget-text-editor\" data-id=\"559c816\" data-element_type=\"widget\" data-e-type=\"widget\" data-widget_type=\"text-editor.default\">\n\t\t\t\t<div class=\"elementor-widget-container\">\n\t\t\t\t\t\t\t\t\t<p>Arkadics Ltd Oy on vuonna 2020 perustettu suomalainen musiikkialan yritys, joka auttaa asiakkaitaan monipuolisesti useilla musiikin alueilla.<\/p>\n<p>Yrityksen toimialaan kuuluu musiikkialan opetuksen, musiikkikasvatuksen ja eri muotoisten opetuskurssien ja seminaarien tarjoaminen, konseptointi ja myynti, musiikin julkaisupalvelut, musiikin sovituspalvelut, s\u00e4velt\u00e4mispalvelut, kapellimestaripalvelut, muusikkopalvelut, musiikkiteosten kustantaminen, musiikki\u00e4\u00e4nitteiden tuottaminen, musiikkitapahtumien j\u00e4rjest\u00e4minen, musiikki-ja opetustilojen tarjoaminen, nuottien julkaisu, musiikkitekstien ja musiikkikirjojen julkaiseminen, painetun opetusmateriaalin tuottaminen ja julkaiseminen, orkesteripalvelut, soittimien vuokraaminen, konsultointi ja tietojen tarjoaminen musiikin alalla.<\/p>\n<p>Lis\u00e4ksi yhti\u00f6n toimialaan sis\u00e4ltyy opetuskonseptien ja materiaalien lisensointi.<\/p>\t\t\t\t\t\t\t\t<\/div>\n\t\t\t\t<\/div>\n\t\t\t\t<div class=\"elementor-element elementor-element-36308c8 elementor-align-center elementor-invisible elementor-widget elementor-widget-button\" data-id=\"36308c8\" data-element_type=\"widget\" data-e-type=\"widget\" data-settings=\"{&quot;_animation&quot;:&quot;fadeInUp&quot;}\" data-widget_type=\"button.default\">\n\t\t\t\t<div class=\"elementor-widget-container\">\n\t\t\t\t\t\t\t\t\t<div class=\"elementor-button-wrapper\">\n\t\t\t\t\t<a class=\"elementor-button elementor-button-link elementor-size-sm\" href=\"https:\/\/www.arkadics.com\/en\/?page_id=274\">\n\t\t\t\t\t\t<span class=\"elementor-button-content-wrapper\">\n\t\t\t\t\t\t\t\t\t<span class=\"elementor-button-text\">Ask more<\/span>\n\t\t\t\t\t<\/span>\n\t\t\t\t\t<\/a>\n\t\t\t\t<\/div>\n\t\t\t\t\t\t\t\t<\/div>\n\t\t\t\t<\/div>\n\t\t\t\t\t<\/div>\n\t\t<\/div>\n\t\t\t\t\t<\/div>\n\t\t<\/section>\n\t\t\t\t<section class=\"elementor-section elementor-top-section elementor-element elementor-element-7cee23e elementor-section-boxed elementor-section-height-default elementor-section-height-default\" data-id=\"7cee23e\" data-element_type=\"section\" data-e-type=\"section\">\n\t\t\t\t\t\t<div class=\"elementor-container elementor-column-gap-default\">\n\t\t\t\t\t<div class=\"elementor-column elementor-col-100 elementor-top-column elementor-element elementor-element-01e374b\" data-id=\"01e374b\" data-element_type=\"column\" data-e-type=\"column\">\n\t\t\t<div class=\"elementor-widget-wrap\">\n\t\t\t\t\t\t\t<\/div>\n\t\t<\/div>\n\t\t\t\t\t<\/div>\n\t\t<\/section>\n\t\t\t\t<\/div>","protected":false},"excerpt":{"rendered":"<p>Arkadics\u00ae Oy Arkadics Ltd Oy on vuonna 2020 perustettu suomalainen musiikkialan yritys, joka auttaa asiakkaitaan monipuolisesti useilla musiikin alueilla. Yrityksen toimialaan kuuluu musiikkialan opetuksen, musiikkikasvatuksen ja eri muotoisten opetuskurssien ja seminaarien tarjoaminen, konseptointi ja myynti, musiikin julkaisupalvelut, musiikin sovituspalvelut, s\u00e4velt\u00e4mispalvelut, kapellimestaripalvelut, muusikkopalvelut, musiikkiteosten kustantaminen, musiikki\u00e4\u00e4nitteiden tuottaminen, musiikkitapahtumien j\u00e4rjest\u00e4minen, musiikki-ja opetustilojen tarjoaminen, nuottien julkaisu, musiikkitekstien ja [&hellip;]<\/p>\n","protected":false},"author":1,"featured_media":0,"parent":0,"menu_order":0,"comment_status":"closed","ping_status":"closed","template":"elementor_header_footer","meta":{"_monsterinsights_skip_tracking":false,"_monsterinsights_sitenote_active":false,"_monsterinsights_sitenote_note":"","_monsterinsights_sitenote_category":0,"footnotes":""},"class_list":["post-543","page","type-page","status-publish","czr-hentry"],"aioseo_notices":[],"_links":{"self":[{"href":"https:\/\/www.arkadics.com\/en\/wp-json\/wp\/v2\/pages\/543","targetHints":{"allow":["GET"]}}],"collection":[{"href":"https:\/\/www.arkadics.com\/en\/wp-json\/wp\/v2\/pages"}],"about":[{"href":"https:\/\/www.arkadics.com\/en\/wp-json\/wp\/v2\/types\/page"}],"author":[{"embeddable":true,"href":"https:\/\/www.arkadics.com\/en\/wp-json\/wp\/v2\/users\/1"}],"replies":[{"embeddable":true,"href":"https:\/\/www.arkadics.com\/en\/wp-json\/wp\/v2\/comments?post=543"}],"version-history":[{"count":45,"href":"https:\/\/www.arkadics.com\/en\/wp-json\/wp\/v2\/pages\/543\/revisions"}],"predecessor-version":[{"id":1443,"href":"https:\/\/www.arkadics.com\/en\/wp-json\/wp\/v2\/pages\/543\/revisions\/1443"}],"wp:attachment":[{"href":"https:\/\/www.arkadics.com\/en\/wp-json\/wp\/v2\/media?parent=543"}],"curies":[{"name":"wp","href":"https:\/\/api.w.org\/{rel}","templated":true}]}}