{"id":432,"date":"2022-03-25T10:35:53","date_gmt":"2022-03-25T10:35:53","guid":{"rendered":"https:\/\/www.arkadics.com\/?page_id=432"},"modified":"2022-08-08T07:50:48","modified_gmt":"2022-08-08T07:50:48","slug":"arvot","status":"publish","type":"page","link":"https:\/\/www.arkadics.com\/en\/arvot\/","title":{"rendered":"Arvot"},"content":{"rendered":"<div data-elementor-type=\"wp-page\" data-elementor-id=\"432\" class=\"elementor elementor-432\">\n\t\t\t\t\t\t<section class=\"elementor-section elementor-top-section elementor-element elementor-element-18b7b81 elementor-section-boxed elementor-section-height-default elementor-section-height-default\" data-id=\"18b7b81\" data-element_type=\"section\" data-e-type=\"section\">\n\t\t\t\t\t\t<div class=\"elementor-container elementor-column-gap-default\">\n\t\t\t\t\t<div class=\"elementor-column elementor-col-100 elementor-top-column elementor-element elementor-element-e67b9e1\" data-id=\"e67b9e1\" data-element_type=\"column\" data-e-type=\"column\">\n\t\t\t<div class=\"elementor-widget-wrap elementor-element-populated\">\n\t\t\t\t\t\t<div class=\"elementor-element elementor-element-d869acf elementor-widget elementor-widget-heading\" data-id=\"d869acf\" data-element_type=\"widget\" data-e-type=\"widget\" data-widget_type=\"heading.default\">\n\t\t\t\t<div class=\"elementor-widget-container\">\n\t\t\t\t\t<h2 class=\"elementor-heading-title elementor-size-default\">VALUES<\/h2>\t\t\t\t<\/div>\n\t\t\t\t<\/div>\n\t\t\t\t<div class=\"elementor-element elementor-element-cfd0069 elementor-widget elementor-widget-text-editor\" data-id=\"cfd0069\" data-element_type=\"widget\" data-e-type=\"widget\" data-widget_type=\"text-editor.default\">\n\t\t\t\t<div class=\"elementor-widget-container\">\n\t\t\t\t\t\t\t\t\t<p><span style=\"color: #000000;\">- The purpose of music is to bring people together.<\/span><\/p><p><span style=\"color: #000000;\">- Our activities enhance community and communication.<\/span><\/p><p><span style=\"color: #000000;\">- We care for each other and are concerned about the well-being of our community.<\/span><\/p><p><span style=\"color: #000000;\">- We believe that truth resides in dialogue.<\/span><\/p><p><span style=\"color: #000000;\">- We demand honesty and high morality in all our interactions.<\/span><\/p><p><span style=\"color: #000000;\">- We value hard work, focus, self-discipline, and perseverance.<\/span><\/p><p><span style=\"color: #000000;\">- We nurture and embody creativity, critical thinking, fairness, and self-worth.<\/span><\/p><p><span style=\"color: #000000;\">- We strive for the highest possible level in both our pedagogical and music performance endeavors.<\/span><\/p><p><span style=\"color: #000000;\">- We learn from the past to build a better future.<\/span><\/p><p><span style=\"color: #000000;\">- We take responsibility for our choices and actions.<\/span><\/p><p><span style=\"color: #000000;\">- We are boldly authentic.<\/span><\/p>\t\t\t\t\t\t\t\t<\/div>\n\t\t\t\t<\/div>\n\t\t\t\t<div class=\"elementor-element elementor-element-3d7775e elementor-align-center elementor-invisible elementor-widget elementor-widget-button\" data-id=\"3d7775e\" data-element_type=\"widget\" data-e-type=\"widget\" data-settings=\"{&quot;_animation&quot;:&quot;fadeInUp&quot;}\" data-widget_type=\"button.default\">\n\t\t\t\t<div class=\"elementor-widget-container\">\n\t\t\t\t\t\t\t\t\t<div class=\"elementor-button-wrapper\">\n\t\t\t\t\t<a class=\"elementor-button elementor-button-link elementor-size-sm\" href=\"https:\/\/www.arkadics.com\/en\/?page_id=214#mission\">\n\t\t\t\t\t\t<span class=\"elementor-button-content-wrapper\">\n\t\t\t\t\t\t\t\t\t<span class=\"elementor-button-text\">Back<\/span>\n\t\t\t\t\t<\/span>\n\t\t\t\t\t<\/a>\n\t\t\t\t<\/div>\n\t\t\t\t\t\t\t\t<\/div>\n\t\t\t\t<\/div>\n\t\t\t\t\t<\/div>\n\t\t<\/div>\n\t\t\t\t\t<\/div>\n\t\t<\/section>\n\t\t\t\t<\/div>","protected":false},"excerpt":{"rendered":"<p>ARVOT &#8211; Musiikin tarkoitus on yhdist\u00e4\u00e4 ihmisi\u00e4. &#8211; Toimintamme lis\u00e4\u00e4 yhteis\u00f6llisyytt\u00e4 ja kommunikaatiota. &#8211; V\u00e4lit\u00e4mme toisistamme ja kannamme huolta yhteis\u00f6mme hyvinvoinnista. &#8211; Uskomme ett\u00e4 totuus asuu dialogissa. &#8211; Vaadimme rehellisyytt\u00e4 ja korkeaa moraalia kaikessa kanssak\u00e4ymisess\u00e4mme. &#8211; Arvostamme kovaa ty\u00f6ntekoa, keskittymist\u00e4, itsekuria ja sinnikkyytt\u00e4. &#8211; Kasvatamme ja ilmenn\u00e4mme luovuutta, kriittist\u00e4 ajattelua, oikeudenmukaisuutta ja omanarvontuntoa. &#8211; Pyrimme [&hellip;]<\/p>\n","protected":false},"author":1,"featured_media":0,"parent":0,"menu_order":0,"comment_status":"closed","ping_status":"closed","template":"elementor_header_footer","meta":{"_monsterinsights_skip_tracking":false,"_monsterinsights_sitenote_active":false,"_monsterinsights_sitenote_note":"","_monsterinsights_sitenote_category":0,"footnotes":""},"class_list":["post-432","page","type-page","status-publish","czr-hentry"],"aioseo_notices":[],"_links":{"self":[{"href":"https:\/\/www.arkadics.com\/en\/wp-json\/wp\/v2\/pages\/432","targetHints":{"allow":["GET"]}}],"collection":[{"href":"https:\/\/www.arkadics.com\/en\/wp-json\/wp\/v2\/pages"}],"about":[{"href":"https:\/\/www.arkadics.com\/en\/wp-json\/wp\/v2\/types\/page"}],"author":[{"embeddable":true,"href":"https:\/\/www.arkadics.com\/en\/wp-json\/wp\/v2\/users\/1"}],"replies":[{"embeddable":true,"href":"https:\/\/www.arkadics.com\/en\/wp-json\/wp\/v2\/comments?post=432"}],"version-history":[{"count":14,"href":"https:\/\/www.arkadics.com\/en\/wp-json\/wp\/v2\/pages\/432\/revisions"}],"predecessor-version":[{"id":1382,"href":"https:\/\/www.arkadics.com\/en\/wp-json\/wp\/v2\/pages\/432\/revisions\/1382"}],"wp:attachment":[{"href":"https:\/\/www.arkadics.com\/en\/wp-json\/wp\/v2\/media?parent=432"}],"curies":[{"name":"wp","href":"https:\/\/api.w.org\/{rel}","templated":true}]}}