{"id":402,"date":"2022-03-25T10:23:46","date_gmt":"2022-03-25T10:23:46","guid":{"rendered":"https:\/\/www.arkadics.com\/?page_id=402"},"modified":"2022-03-29T10:10:00","modified_gmt":"2022-03-29T10:10:00","slug":"improkurssi","status":"publish","type":"page","link":"https:\/\/www.arkadics.com\/en\/improkurssi\/","title":{"rendered":"Improvisation Course"},"content":{"rendered":"<div data-elementor-type=\"wp-page\" data-elementor-id=\"402\" class=\"elementor elementor-402\">\n\t\t\t\t\t\t<section class=\"elementor-section elementor-top-section elementor-element elementor-element-18b7b81 elementor-section-boxed elementor-section-height-default elementor-section-height-default\" data-id=\"18b7b81\" data-element_type=\"section\" data-e-type=\"section\">\n\t\t\t\t\t\t<div class=\"elementor-container elementor-column-gap-default\">\n\t\t\t\t\t<div class=\"elementor-column elementor-col-100 elementor-top-column elementor-element elementor-element-e67b9e1\" data-id=\"e67b9e1\" data-element_type=\"column\" data-e-type=\"column\">\n\t\t\t<div class=\"elementor-widget-wrap elementor-element-populated\">\n\t\t\t\t\t\t<div class=\"elementor-element elementor-element-d869acf elementor-widget elementor-widget-heading\" data-id=\"d869acf\" data-element_type=\"widget\" data-e-type=\"widget\" data-widget_type=\"heading.default\">\n\t\t\t\t<div class=\"elementor-widget-container\">\n\t\t\t\t\t<h2 class=\"elementor-heading-title elementor-size-default\">IMPROVISATION COURSE<\/h2>\t\t\t\t<\/div>\n\t\t\t\t<\/div>\n\t\t\t\t<div class=\"elementor-element elementor-element-04b4433 elementor-widget elementor-widget-heading\" data-id=\"04b4433\" data-element_type=\"widget\" data-e-type=\"widget\" data-widget_type=\"heading.default\">\n\t\t\t\t<div class=\"elementor-widget-container\">\n\t\t\t\t\t<p class=\"elementor-heading-title elementor-size-default\">Oppimateriaalina k\u00e4ytet\u00e4\u00e4n Markku Rengon valmennusmenetelm\u00e4\u00e4 Big Band-soiton ja improvisoinnin opiskeluun. Kurssi on tarkoitettu kaikille soittimille, my\u00f6s scat-laululle.<\/p>\t\t\t\t<\/div>\n\t\t\t\t<\/div>\n\t\t\t\t<div class=\"elementor-element elementor-element-bd322e4 elementor-widget elementor-widget-heading\" data-id=\"bd322e4\" data-element_type=\"widget\" data-e-type=\"widget\" data-widget_type=\"heading.default\">\n\t\t\t\t<div class=\"elementor-widget-container\">\n\t\t\t\t\t<h2 class=\"elementor-heading-title elementor-size-default\">Kurssin sis\u00e4lt\u00f6<\/h2>\t\t\t\t<\/div>\n\t\t\t\t<\/div>\n\t\t\t\t<div class=\"elementor-element elementor-element-59bd311 elementor-widget elementor-widget-text-editor\" data-id=\"59bd311\" data-element_type=\"widget\" data-e-type=\"widget\" data-widget_type=\"text-editor.default\">\n\t\t\t\t<div class=\"elementor-widget-container\">\n\t\t\t\t\t\t\t\t\t<p>#1 Tone Center: Etsit\u00e4\u00e4n ensimm\u00e4inen \u00e4\u00e4ni<\/p><p>#2 Attacks and Releases: Kokonuotti \u2013 Kokotauko<\/p><p>#3 Attacks and Releases: Puolinuotti \u2013 puolitauko<\/p><p>#4 Attacks and Releases: 1\/4-nuotti, 1\/4-tauko<\/p><p>#5A Attacks and Releases: Tenuto ja vaaka-aksentti<\/p><p>#5 Attacks and Releases: Aksentit \u2013 vaaka-aksentti<\/p><p>#6A Attacks and Releases: Staccato ja pystyaksentti<\/p><p>#6 Attacks and Releases: Aksentit \u2013 pystyaksentti<\/p><p>#7 Attacks and Releases: Soita aksentit<\/p><p>#8 Swing 1\/4-nuotit<\/p><p>#9 Swing 1\/8-nuotit<\/p><p>#10 Swing Aksentteja<\/p><p>#11 Jazz Articulation: Kromaattinen maratoni<\/p><p>#12 Swing<\/p><p>#13A Jazz Articulation: 1\/8-fraseeraus<\/p><p>#13 Jazz Articulation: Asteikon rakentamista<\/p><p>#14 Jazz Articulation: The Scale Is Swingin\u2019<\/p><p>#15 Syncopation: Rhythm Study for #16<\/p><p>#16 Melody Workout<\/p><p>#17 Syncopation: Rhythm Study for #18 \u2013 Iskun ennakointi<\/p><p>#18 Melody Workout<\/p><p>#19 Syncopation: Rhythm Study for #20<\/p><p>#20 Melody Workout<\/p><p>#21 Syncopation: Rhythm Study for #22 \u2013 Iskun my\u00f6h\u00e4ist\u00e4minen<\/p><p>#22 Melody Workout<\/p><p>#23 Melody Workout: Thinking As One<\/p><p>#24 Full Band Arrangement: Thinking As One<\/p><p>#25 Syncopation: Rhythm Study for #26<\/p><p>#26 Melody Workout<\/p><p>#27 Syncopation: Rhythm Study for #28<\/p><p>#28 Melody Workout <\/p><p>#29 Melody Workout: Swing Examination<\/p><p>#30 Full Band Arrangement: Swing Examination<\/p><p>#31 Melody Workout: Old MacDonald<\/p><p>#32 Improvisation: Melodian rytminen muuntelu \u2013 Synkopointi<\/p><p>#33 Improvisation: Melodian rytminen muuntelu \u2013 Iteraatio<\/p><p>#34 Improvisation: Melodian rytminen muuntelu \u2013 Diminuutio<\/p><p>#35 Improvisation: Melodian rytminen muuntelu \u2013 Augmentaatio<\/p><p>#36 Improvisation: Melodian rytminen muuntelu \u2013 Paikaltaan siirt\u00e4minen<\/p><p>#37 Improvisation: Melodian rytminen muuntelu \u2013 Fraasin toistaminen<\/p><p>#38 Improvisation: Melodian rytminen muuntelu \u2013 \u00c4\u00e4nten karsinta<\/p><p>#39 Improvisation: Take a Solo!<\/p><p>#40 Chords: Kolmisointu<\/p><p>#41 Chords: Suurseptimisointu maj7<\/p><p>#42 Chords: Molliseptimisointu m7<\/p><p>#43 Chords: Dominanttiseptimisointu V7<\/p><p>#44 Scales: Miksolyydinen asteikko Bb concert<\/p><p>#45 Scales: Miksolyydinen asteikko Eb concert<\/p><p>#46 Scales: Miksolyydinen asteikko F concert<\/p><p>#47 Melody Workout: Blues Number 47<\/p><p>#48 Full Band Arrangement: Blues Number 47<\/p><p>#49 Improvisation: Blues 1\u2013b7<\/p><p>#50 Improvisation: Blues 4\u20133<\/p><p>#51 Improvisation: Blues 5\u20134\u20133<\/p><p>#52 Improvisation: Blues 5\u20136\u2013b7<\/p><p>#53 Syncopation: Rhythm Study for #54<\/p><p>#54 Melody Workout <\/p><p>#55 Syncopation: Rhythm Study for #56<\/p><p>#56 Melody Workout <\/p><p>#57 Syncopation: Rhythm Study for #58<\/p><p>#58 Melody Workout<\/p><p>#59 Full Band Arrangement: Basics Blues<\/p><p>#60 Improvisation: Sointus\u00e4velill\u00e4 soittaminen \u2013 Blues 5\u20133\u20131\u2013b7<\/p><p>#61 Improvisation: Sointus\u00e4velill\u00e4 soittaminen \u2013 Blues 3\u20135\u2013b7\u20139<\/p><p>#62 Improvisation: Sointus\u00e4velill\u00e4 soittaminen \u2013 Blues 5\u2013b7\u20139\u201311\u201310<\/p><p>#63 Improvisation: Sointus\u00e4velill\u00e4 soittaminen \u2013 Blues 1\u20133\u20135\u2013b7\u20139<\/p><p>#64 Scales: Major Blues Scale<\/p><p>#65 Improvisation: Major Blues Scale \u2013 Riffs and Licks<\/p><p>#66 Improvisation: Major Blues Scale \u2013 Kysymys ja vastaus<\/p><p>#67 Scales: Minor Blues Scale<\/p><p>#68 Improvisation: Minor Blues Scale \u2013 Riffs and Licks<\/p><p>#69 Improvisation: Minor Blues Scale \u2013 Kysymys ja vastaus<\/p><p>#70 Scales: F-Duuri \u2013 Kaanon<\/p><p>#71 Jazz Articulation: Fall<\/p><p>#72 Jazz Articulation: Bend<\/p><p>#73 Jazz Articulation: Scoop<\/p><p>#74 Jazz Articulation: Doit<\/p><p>#75 Jazz Articulation: Plop<\/p><p>#76 Jazz Articulation: Glissando<\/p><p>#77 Jazz Articulation: Flip<\/p><p>#78 Scales: Major Scale Workout<\/p><p>#79 Ear Training: Duurikappale kaikissa s\u00e4vellajeissa<\/p><p>#80 Improvisation: Blues 2\u20134\u20133 and 1\u20132\u20134\u20133<\/p><p>#81 Improvisation: Ornamentaatio \u2013 Terssit<\/p><p>#82 Improvisation: Ornamentaatio: terssit \/ septimit \/ peruss\u00e4vel<\/p><p>#83 Syncopation: Rhythm Study for #84<\/p><p>#84 Melody Workout <\/p><p>#85 Syncopation: Rhythm Study for #86<\/p><p>#86 Melody Workout<\/p><p>#87 Syncopation: Rhythm Study for #88<\/p><p>#88 Melody Workout<\/p><p>#89 Full Band Arrangement: A.M<\/p><p>#90 Scales: Minor Scale Workout<\/p><p>#91 Ear Training: Mollikappale kaikissa s\u00e4vellajeissa<\/p><p>#92 Improvisation: Sointus\u00e4vel-ohjeita<\/p><p>#93 Improvisation: Sointus\u00e4vel-variaatioita<\/p><p>#94 Improvisation: A Couple More (sointus\u00e4velet)<\/p><p>#95 Full Band Arrangement: Arkadi\u2019s Bebop Hit<\/p><p>#96 Improvisation: Kromaattiset hajas\u00e4velet 3\u20135<\/p><p>#97 Improvisation: Bebop Etude<\/p><p>#98 Improvisation: Bebop-asteikot<\/p><p>#99 Improvisation: Bebop-asteikot duurin II\u2013V7\u2013I progressiossa<\/p><p>#100 Improvisation: Bebop-asteikot mollin II\u2013V7\u2013I progressiossa<\/p><p>#101 Dynamics \u2013 Projection: Crescendo \u2013 Diminuendo<\/p><p>#102 Subdividing the Beat: Time!<\/p><p>#103 Subdividing the Beat: Time and Changes<\/p><p>#104 Improvisation: Duuri II\u2013V7\u2013I: 7\u20133 ornamentointi<\/p><p>#105 Improvisation: Molli II\u2013V7\u2013I: 7\u20133 ornamentointi<\/p><p>#106 Improvisation: Duuri II\u2013V7\u2013I: Oktaavisiirrot<\/p><p>#107 Improvisation: Molli II\u2013V7\u2013I: Oktaavisiirrot<\/p><p>#108 Improvisation: II\u2013V7\u2013I Etude (Based on \u201dHoneysuckle Rose\u201d)<\/p><p>#109 Improvisation: Jazzlinjojen aksentointi<\/p><p>#110 Full Band Arrangement: Quarantine Boogaloo<\/p><p>#111 Improvisation: Blues-asteikon lis\u00e4s\u00e4velet<\/p><p>#112 Improvisation: Bebop Scale Exercises<\/p><p>#113 Improvisation: Bebop-asteikkojen lis\u00e4s\u00e4velet<\/p><p>#114 Improvisation: Bebop Doll Etude<\/p><p>#115 Improvisation: Bebop-asteikko: Aloitus lis\u00e4s\u00e4velelt\u00e4 (9)<\/p><p>#116 Improvisation: Bebop-asteikko: Aloitus lis\u00e4s\u00e4velilt\u00e4 (9\u201311\u201313 )<\/p><p>#117 Improvisation: Perusornamentit kohde\u00e4\u00e4nelle #1<\/p><p>#118 Improvisation: Perusornamentit kohde\u00e4\u00e4nelle #2<\/p><p>#119 Improvisation: Perusornamentit kohde\u00e4\u00e4nelle #3<\/p><p>#120 Improvisation: Perusornamentit kohde\u00e4\u00e4nelt\u00e4 ulos<\/p><p>#121 Improvisation: Jazz-ornamentointi<\/p><p>#122 Full Band Arrangement: Moods<\/p><p>#123 Chords &amp; Scales: Major Scale Harmony \u2013 Moodit<\/p><p>#124 Chords &amp; Scales: Melodic Major Scale Harmony \u2013 Jazzmolli<\/p><p>#125 Scales: Pentatonisen asteikon moodit<\/p><p>#126 Improvisation: Pentatonic Doll Etude<\/p><p>#127 Improvisation: Oktaavin jakaminen ja tonaaliset keskukset<\/p><p>#128 Improvisation: In \u2019n Out <\/p><p>#129 Improvisation: Coltrane Cycle<\/p><p>#130 Scales: V\u00e4hennetyt asteikot#131 Scales Kokos\u00e4velasteikko<\/p><p>#132 Improvisation: Free!<\/p><p>#133 Improvisation: Kromatiikka ja intervallitekniikka<\/p><p>#134 Full Band Arrangement: Spin <\/p><p>Kuinka harjoitella \u2013 How to Practice<\/p><p>Lyhyt jazzhistoriikki \u2013 Big Bandit ja jazzkoulutus eri vuosikymmenill\u00e4<\/p>\t\t\t\t\t\t\t\t<\/div>\n\t\t\t\t<\/div>\n\t\t\t\t<div class=\"elementor-element elementor-element-6f11dc6 elementor-align-center elementor-invisible elementor-widget elementor-widget-button\" data-id=\"6f11dc6\" data-element_type=\"widget\" data-e-type=\"widget\" data-settings=\"{&quot;_animation&quot;:&quot;fadeInUp&quot;}\" data-widget_type=\"button.default\">\n\t\t\t\t<div class=\"elementor-widget-container\">\n\t\t\t\t\t\t\t\t\t<div class=\"elementor-button-wrapper\">\n\t\t\t\t\t<a class=\"elementor-button elementor-button-link elementor-size-sm\" href=\"https:\/\/www.arkadics.com\/en\/?page_id=274\">\n\t\t\t\t\t\t<span class=\"elementor-button-content-wrapper\">\n\t\t\t\t\t\t\t\t\t<span class=\"elementor-button-text\">Ask more<\/span>\n\t\t\t\t\t<\/span>\n\t\t\t\t\t<\/a>\n\t\t\t\t<\/div>\n\t\t\t\t\t\t\t\t<\/div>\n\t\t\t\t<\/div>\n\t\t\t\t<div class=\"elementor-element elementor-element-3d7775e elementor-align-center elementor-invisible elementor-widget elementor-widget-button\" data-id=\"3d7775e\" data-element_type=\"widget\" data-e-type=\"widget\" data-settings=\"{&quot;_animation&quot;:&quot;fadeInUp&quot;}\" data-widget_type=\"button.default\">\n\t\t\t\t<div class=\"elementor-widget-container\">\n\t\t\t\t\t\t\t\t\t<div class=\"elementor-button-wrapper\">\n\t\t\t\t\t<a class=\"elementor-button elementor-button-link elementor-size-sm\" href=\"https:\/\/www.arkadics.com\/en\/?page_id=214#courses\">\n\t\t\t\t\t\t<span class=\"elementor-button-content-wrapper\">\n\t\t\t\t\t\t\t\t\t<span class=\"elementor-button-text\">Back to Courses<\/span>\n\t\t\t\t\t<\/span>\n\t\t\t\t\t<\/a>\n\t\t\t\t<\/div>\n\t\t\t\t\t\t\t\t<\/div>\n\t\t\t\t<\/div>\n\t\t\t\t\t<\/div>\n\t\t<\/div>\n\t\t\t\t\t<\/div>\n\t\t<\/section>\n\t\t\t\t<section class=\"elementor-section elementor-top-section elementor-element elementor-element-78fe432 elementor-section-boxed elementor-section-height-default elementor-section-height-default\" data-id=\"78fe432\" data-element_type=\"section\" data-e-type=\"section\">\n\t\t\t\t\t\t<div class=\"elementor-container elementor-column-gap-default\">\n\t\t\t\t\t<div class=\"elementor-column elementor-col-100 elementor-top-column elementor-element elementor-element-e0119d5\" data-id=\"e0119d5\" data-element_type=\"column\" data-e-type=\"column\">\n\t\t\t<div class=\"elementor-widget-wrap\">\n\t\t\t\t\t\t\t<\/div>\n\t\t<\/div>\n\t\t\t\t\t<\/div>\n\t\t<\/section>\n\t\t\t\t<\/div>","protected":false},"excerpt":{"rendered":"<p>IMPROKURSSI Oppimateriaalina k\u00e4ytet\u00e4\u00e4n Markku Rengon valmennusmenetelm\u00e4\u00e4 Big Band-soiton ja improvisoinnin opiskeluun. Kurssi on tarkoitettu kaikille soittimille, my\u00f6s scat-laululle. Kurssin sis\u00e4lt\u00f6 #1 Tone Center: Etsit\u00e4\u00e4n ensimm\u00e4inen \u00e4\u00e4ni #2 Attacks and Releases: Kokonuotti \u2013 Kokotauko #3 Attacks and Releases: Puolinuotti \u2013 puolitauko #4 Attacks and Releases: 1\/4-nuotti, 1\/4-tauko #5A Attacks and Releases: Tenuto ja vaaka-aksentti #5 Attacks [&hellip;]<\/p>\n","protected":false},"author":1,"featured_media":0,"parent":0,"menu_order":0,"comment_status":"closed","ping_status":"closed","template":"elementor_header_footer","meta":{"_monsterinsights_skip_tracking":false,"_monsterinsights_sitenote_active":false,"_monsterinsights_sitenote_note":"","_monsterinsights_sitenote_category":0,"footnotes":""},"class_list":["post-402","page","type-page","status-publish","czr-hentry"],"aioseo_notices":[],"_links":{"self":[{"href":"https:\/\/www.arkadics.com\/en\/wp-json\/wp\/v2\/pages\/402","targetHints":{"allow":["GET"]}}],"collection":[{"href":"https:\/\/www.arkadics.com\/en\/wp-json\/wp\/v2\/pages"}],"about":[{"href":"https:\/\/www.arkadics.com\/en\/wp-json\/wp\/v2\/types\/page"}],"author":[{"embeddable":true,"href":"https:\/\/www.arkadics.com\/en\/wp-json\/wp\/v2\/users\/1"}],"replies":[{"embeddable":true,"href":"https:\/\/www.arkadics.com\/en\/wp-json\/wp\/v2\/comments?post=402"}],"version-history":[{"count":22,"href":"https:\/\/www.arkadics.com\/en\/wp-json\/wp\/v2\/pages\/402\/revisions"}],"predecessor-version":[{"id":964,"href":"https:\/\/www.arkadics.com\/en\/wp-json\/wp\/v2\/pages\/402\/revisions\/964"}],"wp:attachment":[{"href":"https:\/\/www.arkadics.com\/en\/wp-json\/wp\/v2\/media?parent=402"}],"curies":[{"name":"wp","href":"https:\/\/api.w.org\/{rel}","templated":true}]}}