{"id":386,"date":"2022-03-25T10:14:46","date_gmt":"2022-03-25T10:14:46","guid":{"rendered":"https:\/\/www.arkadics.com\/?page_id=386"},"modified":"2022-08-18T08:25:46","modified_gmt":"2022-08-18T08:25:46","slug":"vapaa-saestys","status":"publish","type":"page","link":"https:\/\/www.arkadics.com\/en\/vapaa-saestys\/","title":{"rendered":"Vapaa s\u00e4estys"},"content":{"rendered":"<div data-elementor-type=\"wp-page\" data-elementor-id=\"386\" class=\"elementor elementor-386\">\n\t\t\t\t\t\t<section class=\"elementor-section elementor-top-section elementor-element elementor-element-18b7b81 elementor-section-boxed elementor-section-height-default elementor-section-height-default\" data-id=\"18b7b81\" data-element_type=\"section\" data-e-type=\"section\">\n\t\t\t\t\t\t<div class=\"elementor-container elementor-column-gap-default\">\n\t\t\t\t\t<div class=\"elementor-column elementor-col-100 elementor-top-column elementor-element elementor-element-e67b9e1\" data-id=\"e67b9e1\" data-element_type=\"column\" data-e-type=\"column\">\n\t\t\t<div class=\"elementor-widget-wrap elementor-element-populated\">\n\t\t\t\t\t\t<div class=\"elementor-element elementor-element-d869acf elementor-widget elementor-widget-heading\" data-id=\"d869acf\" data-element_type=\"widget\" data-e-type=\"widget\" data-widget_type=\"heading.default\">\n\t\t\t\t<div class=\"elementor-widget-container\">\n\t\t\t\t\t<h2 class=\"elementor-heading-title elementor-size-default\">KEYBOARD HARMONY<\/h2>\t\t\t\t<\/div>\n\t\t\t\t<\/div>\n\t\t\t\t<div class=\"elementor-element elementor-element-0f738b7 elementor-widget elementor-widget-heading\" data-id=\"0f738b7\" data-element_type=\"widget\" data-e-type=\"widget\" data-widget_type=\"heading.default\">\n\t\t\t\t<div class=\"elementor-widget-container\">\n\t\t\t\t\t<p class=\"elementor-heading-title elementor-size-default\">Laulujen s\u00e4estys sointumerkeist\u00e4, sek\u00e4 tutustuminen eri musiikkityylien perusrytmiikkaan ja s\u00e4estyksen perusteisiin.<\/p>\t\t\t\t<\/div>\n\t\t\t\t<\/div>\n\t\t\t\t<div class=\"elementor-element elementor-element-bd322e4 elementor-widget elementor-widget-heading\" data-id=\"bd322e4\" data-element_type=\"widget\" data-e-type=\"widget\" data-widget_type=\"heading.default\">\n\t\t\t\t<div class=\"elementor-widget-container\">\n\t\t\t\t\t<h2 class=\"elementor-heading-title elementor-size-default\">Kurssin sis\u00e4lt\u00f6<\/h2>\t\t\t\t<\/div>\n\t\t\t\t<\/div>\n\t\t\t\t<div class=\"elementor-element elementor-element-59bd311 elementor-widget elementor-widget-text-editor\" data-id=\"59bd311\" data-element_type=\"widget\" data-e-type=\"widget\" data-widget_type=\"text-editor.default\">\n\t\t\t\t<div class=\"elementor-widget-container\">\n\t\t\t\t\t\t\t\t\t<p>-Sointutyypit<\/p><p>-Sointurytmi ja sointuasteet-P\u00e4\u00e4tehot \/Rinnakkaistehot<\/p><p>-Soinnutus p\u00e4\u00e4soinnuilla<\/p><p>-Sointujen laajentaminen ja lis\u00e4s\u00e4velet<\/p><p>-Sointujen k\u00e4\u00e4nn\u00f6kset<\/p><p>-Sointuarpeggiot<\/p><p>-Konsonanssi ja dissonanssi<\/p><p>-Guide tones<\/p><p>-Muunnoss\u00e4vellajien lainasoinnut<\/p><p>-V\u00e4lidominantit<\/p><p>-Sijaisdominantit<\/p><p>-II-V7-I \u2013progressiot<\/p><p>-S\u00e4est\u00e4misen perusteet<\/p><p>-Melodian rytminen muuntelu ja ornamentointi<\/p><p>-Improvisointi<\/p><p>-Melodian soinnuttaminen ja improvisointi<\/p>\t\t\t\t\t\t\t\t<\/div>\n\t\t\t\t<\/div>\n\t\t\t\t<div class=\"elementor-element elementor-element-6f11dc6 elementor-align-center elementor-invisible elementor-widget elementor-widget-button\" data-id=\"6f11dc6\" data-element_type=\"widget\" data-e-type=\"widget\" data-settings=\"{&quot;_animation&quot;:&quot;fadeInUp&quot;}\" data-widget_type=\"button.default\">\n\t\t\t\t<div class=\"elementor-widget-container\">\n\t\t\t\t\t\t\t\t\t<div class=\"elementor-button-wrapper\">\n\t\t\t\t\t<a class=\"elementor-button elementor-button-link elementor-size-sm\" href=\"https:\/\/www.arkadics.com\/en\/?page_id=274\">\n\t\t\t\t\t\t<span class=\"elementor-button-content-wrapper\">\n\t\t\t\t\t\t\t\t\t<span class=\"elementor-button-text\">Ask more<\/span>\n\t\t\t\t\t<\/span>\n\t\t\t\t\t<\/a>\n\t\t\t\t<\/div>\n\t\t\t\t\t\t\t\t<\/div>\n\t\t\t\t<\/div>\n\t\t\t\t<div class=\"elementor-element elementor-element-3d7775e elementor-align-center elementor-invisible elementor-widget elementor-widget-button\" data-id=\"3d7775e\" data-element_type=\"widget\" data-e-type=\"widget\" data-settings=\"{&quot;_animation&quot;:&quot;fadeInUp&quot;}\" data-widget_type=\"button.default\">\n\t\t\t\t<div class=\"elementor-widget-container\">\n\t\t\t\t\t\t\t\t\t<div class=\"elementor-button-wrapper\">\n\t\t\t\t\t<a class=\"elementor-button elementor-button-link elementor-size-sm\" href=\"https:\/\/www.arkadics.com\/en\/?page_id=214#courses\">\n\t\t\t\t\t\t<span class=\"elementor-button-content-wrapper\">\n\t\t\t\t\t\t\t\t\t<span class=\"elementor-button-text\">Back to Courses<\/span>\n\t\t\t\t\t<\/span>\n\t\t\t\t\t<\/a>\n\t\t\t\t<\/div>\n\t\t\t\t\t\t\t\t<\/div>\n\t\t\t\t<\/div>\n\t\t\t\t\t<\/div>\n\t\t<\/div>\n\t\t\t\t\t<\/div>\n\t\t<\/section>\n\t\t\t\t<\/div>","protected":false},"excerpt":{"rendered":"<p>VAPAA S\u00c4ESTYS Laulujen s\u00e4estys sointumerkeist\u00e4, sek\u00e4 tutustuminen eri musiikkityylien perusrytmiikkaan ja s\u00e4estyksen perusteisiin. Kurssin sis\u00e4lt\u00f6 -Sointutyypit -Sointurytmi ja sointuasteet-P\u00e4\u00e4tehot \/Rinnakkaistehot -Soinnutus p\u00e4\u00e4soinnuilla -Sointujen laajentaminen ja lis\u00e4s\u00e4velet -Sointujen k\u00e4\u00e4nn\u00f6kset -Sointuarpeggiot -Konsonanssi ja dissonanssi -Guide tones -Muunnoss\u00e4vellajien lainasoinnut -V\u00e4lidominantit -Sijaisdominantit -II-V7-I \u2013progressiot -S\u00e4est\u00e4misen perusteet -Melodian rytminen muuntelu ja ornamentointi -Improvisointi -Melodian soinnuttaminen ja improvisointi Kysy lis\u00e4\u00e4 Takaisin [&hellip;]<\/p>\n","protected":false},"author":1,"featured_media":0,"parent":0,"menu_order":0,"comment_status":"closed","ping_status":"closed","template":"elementor_header_footer","meta":{"_monsterinsights_skip_tracking":false,"_monsterinsights_sitenote_active":false,"_monsterinsights_sitenote_note":"","_monsterinsights_sitenote_category":0,"footnotes":""},"class_list":["post-386","page","type-page","status-publish","czr-hentry"],"aioseo_notices":[],"_links":{"self":[{"href":"https:\/\/www.arkadics.com\/en\/wp-json\/wp\/v2\/pages\/386","targetHints":{"allow":["GET"]}}],"collection":[{"href":"https:\/\/www.arkadics.com\/en\/wp-json\/wp\/v2\/pages"}],"about":[{"href":"https:\/\/www.arkadics.com\/en\/wp-json\/wp\/v2\/types\/page"}],"author":[{"embeddable":true,"href":"https:\/\/www.arkadics.com\/en\/wp-json\/wp\/v2\/users\/1"}],"replies":[{"embeddable":true,"href":"https:\/\/www.arkadics.com\/en\/wp-json\/wp\/v2\/comments?post=386"}],"version-history":[{"count":7,"href":"https:\/\/www.arkadics.com\/en\/wp-json\/wp\/v2\/pages\/386\/revisions"}],"predecessor-version":[{"id":1585,"href":"https:\/\/www.arkadics.com\/en\/wp-json\/wp\/v2\/pages\/386\/revisions\/1585"}],"wp:attachment":[{"href":"https:\/\/www.arkadics.com\/en\/wp-json\/wp\/v2\/media?parent=386"}],"curies":[{"name":"wp","href":"https:\/\/api.w.org\/{rel}","templated":true}]}}