{"id":248,"date":"2022-03-25T09:20:09","date_gmt":"2022-03-25T09:20:09","guid":{"rendered":"https:\/\/www.arkadics.com\/?page_id=248"},"modified":"2022-07-14T09:37:42","modified_gmt":"2022-07-14T09:37:42","slug":"sovituskurssi-1","status":"publish","type":"page","link":"https:\/\/www.arkadics.com\/en\/sovituskurssi-1\/","title":{"rendered":"Arrangement course 1"},"content":{"rendered":"<div data-elementor-type=\"wp-page\" data-elementor-id=\"248\" class=\"elementor elementor-248\">\n\t\t\t\t\t\t<section class=\"elementor-section elementor-top-section elementor-element elementor-element-18b7b81 elementor-section-boxed elementor-section-height-default elementor-section-height-default\" data-id=\"18b7b81\" data-element_type=\"section\" data-e-type=\"section\">\n\t\t\t\t\t\t<div class=\"elementor-container elementor-column-gap-default\">\n\t\t\t\t\t<div class=\"elementor-column elementor-col-100 elementor-top-column elementor-element elementor-element-e67b9e1\" data-id=\"e67b9e1\" data-element_type=\"column\" data-e-type=\"column\">\n\t\t\t<div class=\"elementor-widget-wrap elementor-element-populated\">\n\t\t\t\t\t\t<div class=\"elementor-element elementor-element-d869acf elementor-widget elementor-widget-heading\" data-id=\"d869acf\" data-element_type=\"widget\" data-e-type=\"widget\" data-widget_type=\"heading.default\">\n\t\t\t\t<div class=\"elementor-widget-container\">\n\t\t\t\t\t<h2 class=\"elementor-heading-title elementor-size-default\">ARRANGING COURSE 1<\/h2>\t\t\t\t<\/div>\n\t\t\t\t<\/div>\n\t\t\t\t<div class=\"elementor-element elementor-element-59bd311 elementor-widget elementor-widget-text-editor\" data-id=\"59bd311\" data-element_type=\"widget\" data-e-type=\"widget\" data-widget_type=\"text-editor.default\">\n\t\t\t\t<div class=\"elementor-widget-container\">\n\t\t\t\t\t\t\t\t\t<p>&#8211; Sovittajan ty\u00f6<\/p><p>&#8211; Soittimien \u00e4\u00e4nialat\/transponointi<\/p><p>&#8211; Partituuri<\/p><p>&#8211; Orkestraatio<\/p><p>&#8211; Tasainen \u00e4\u00e4nenkuljetus<\/p><p>&#8211; Soinnut ja lis\u00e4s\u00e4velet<\/p><p>&#8211; Konsonanssi\/dissonanssi<\/p><p>&#8211; 2-3-4-5-\u00e4\u00e4ninen sektionaalinen harmonia<\/p><p>&#8211; Sovituksen suunnittelu\/muoto<\/p><p>&#8211; Intro\/Interlude\/Modulaatio\/Lopukkeet<\/p><p>&#8211; Taustat; Foreground\/Middleground\/Background<\/p><p>&#8211; Obligato\/Hi-Lo<\/p><p>&#8211; Sovitusteht\u00e4v\u00e4t + sovittaminen Big Bandille<\/p>\t\t\t\t\t\t\t\t<\/div>\n\t\t\t\t<\/div>\n\t\t\t\t<div class=\"elementor-element elementor-element-6f11dc6 elementor-align-center elementor-invisible elementor-widget elementor-widget-button\" data-id=\"6f11dc6\" data-element_type=\"widget\" data-e-type=\"widget\" data-settings=\"{&quot;_animation&quot;:&quot;fadeInUp&quot;}\" data-widget_type=\"button.default\">\n\t\t\t\t<div class=\"elementor-widget-container\">\n\t\t\t\t\t\t\t\t\t<div class=\"elementor-button-wrapper\">\n\t\t\t\t\t<a class=\"elementor-button elementor-button-link elementor-size-sm\" href=\"https:\/\/www.arkadics.com\/en\/?page_id=274\">\n\t\t\t\t\t\t<span class=\"elementor-button-content-wrapper\">\n\t\t\t\t\t\t\t\t\t<span class=\"elementor-button-text\">Ask more<\/span>\n\t\t\t\t\t<\/span>\n\t\t\t\t\t<\/a>\n\t\t\t\t<\/div>\n\t\t\t\t\t\t\t\t<\/div>\n\t\t\t\t<\/div>\n\t\t\t\t<div class=\"elementor-element elementor-element-3d7775e elementor-align-center elementor-invisible elementor-widget elementor-widget-button\" data-id=\"3d7775e\" data-element_type=\"widget\" data-e-type=\"widget\" data-settings=\"{&quot;_animation&quot;:&quot;fadeInUp&quot;}\" data-widget_type=\"button.default\">\n\t\t\t\t<div class=\"elementor-widget-container\">\n\t\t\t\t\t\t\t\t\t<div class=\"elementor-button-wrapper\">\n\t\t\t\t\t<a class=\"elementor-button elementor-button-link elementor-size-sm\" href=\"https:\/\/www.arkadics.com\/en\/?page_id=214#courses\">\n\t\t\t\t\t\t<span class=\"elementor-button-content-wrapper\">\n\t\t\t\t\t\t\t\t\t<span class=\"elementor-button-text\">Takaisin kursseihin<\/span>\n\t\t\t\t\t<\/span>\n\t\t\t\t\t<\/a>\n\t\t\t\t<\/div>\n\t\t\t\t\t\t\t\t<\/div>\n\t\t\t\t<\/div>\n\t\t\t\t\t<\/div>\n\t\t<\/div>\n\t\t\t\t\t<\/div>\n\t\t<\/section>\n\t\t\t\t<\/div>","protected":false},"excerpt":{"rendered":"<p>SOVITUSKURSSI 1 &#8211; Sovittajan ty\u00f6 &#8211; Soittimien \u00e4\u00e4nialat\/transponointi &#8211; Partituuri &#8211; Orkestraatio &#8211; Tasainen \u00e4\u00e4nenkuljetus &#8211; Soinnut ja lis\u00e4s\u00e4velet &#8211; Konsonanssi\/dissonanssi &#8211; 2-3-4-5-\u00e4\u00e4ninen sektionaalinen harmonia &#8211; Sovituksen suunnittelu\/muoto &#8211; Intro\/Interlude\/Modulaatio\/Lopukkeet &#8211; Taustat; Foreground\/Middleground\/Background &#8211; Obligato\/Hi-Lo &#8211; Sovitusteht\u00e4v\u00e4t + sovittaminen Big Bandille Kysy lis\u00e4\u00e4 Takaisin kursseihin<\/p>","protected":false},"author":1,"featured_media":0,"parent":0,"menu_order":0,"comment_status":"closed","ping_status":"closed","template":"elementor_header_footer","meta":{"_monsterinsights_skip_tracking":false,"_monsterinsights_sitenote_active":false,"_monsterinsights_sitenote_note":"","_monsterinsights_sitenote_category":0,"footnotes":""},"class_list":["post-248","page","type-page","status-publish","czr-hentry"],"aioseo_notices":[],"_links":{"self":[{"href":"https:\/\/www.arkadics.com\/en\/wp-json\/wp\/v2\/pages\/248","targetHints":{"allow":["GET"]}}],"collection":[{"href":"https:\/\/www.arkadics.com\/en\/wp-json\/wp\/v2\/pages"}],"about":[{"href":"https:\/\/www.arkadics.com\/en\/wp-json\/wp\/v2\/types\/page"}],"author":[{"embeddable":true,"href":"https:\/\/www.arkadics.com\/en\/wp-json\/wp\/v2\/users\/1"}],"replies":[{"embeddable":true,"href":"https:\/\/www.arkadics.com\/en\/wp-json\/wp\/v2\/comments?post=248"}],"version-history":[{"count":37,"href":"https:\/\/www.arkadics.com\/en\/wp-json\/wp\/v2\/pages\/248\/revisions"}],"predecessor-version":[{"id":1517,"href":"https:\/\/www.arkadics.com\/en\/wp-json\/wp\/v2\/pages\/248\/revisions\/1517"}],"wp:attachment":[{"href":"https:\/\/www.arkadics.com\/en\/wp-json\/wp\/v2\/media?parent=248"}],"curies":[{"name":"wp","href":"https:\/\/api.w.org\/{rel}","templated":true}]}}