{"id":1925,"date":"2025-02-16T11:57:12","date_gmt":"2025-02-16T11:57:12","guid":{"rendered":"https:\/\/www.arkadics.com\/?page_id=1925"},"modified":"2025-02-17T08:21:05","modified_gmt":"2025-02-17T08:21:05","slug":"arkadics-esiintymisjannitys-verkkokurssi-osa-2","status":"publish","type":"page","link":"https:\/\/www.arkadics.com\/en\/arkadics-esiintymisjannitys-verkkokurssi-osa-2\/","title":{"rendered":"Arkadics\u00ae Esiintymisj\u00e4nnitys verkkokurssi osa 2"},"content":{"rendered":"<div data-elementor-type=\"wp-page\" data-elementor-id=\"1925\" class=\"elementor elementor-1925\">\n\t\t\t\t\t\t<section class=\"elementor-section elementor-top-section elementor-element elementor-element-27665ca elementor-section-boxed elementor-section-height-default elementor-section-height-default\" data-id=\"27665ca\" data-element_type=\"section\" data-e-type=\"section\">\n\t\t\t\t\t\t<div class=\"elementor-container elementor-column-gap-default\">\n\t\t\t\t\t<div class=\"elementor-column elementor-col-100 elementor-top-column elementor-element elementor-element-2f49879\" data-id=\"2f49879\" data-element_type=\"column\" data-e-type=\"column\">\n\t\t\t<div class=\"elementor-widget-wrap elementor-element-populated\">\n\t\t\t\t\t\t<div class=\"elementor-element elementor-element-321bb63 elementor-widget elementor-widget-heading\" data-id=\"321bb63\" data-element_type=\"widget\" data-e-type=\"widget\" data-widget_type=\"heading.default\">\n\t\t\t\t<div class=\"elementor-widget-container\">\n\t\t\t\t\t<h1 class=\"elementor-heading-title elementor-size-default\">Haluatko apua esiintymisj\u00e4nnitykseen?<\/h1>\t\t\t\t<\/div>\n\t\t\t\t<\/div>\n\t\t\t\t<div class=\"elementor-element elementor-element-9706db3 elementor-widget elementor-widget-heading\" data-id=\"9706db3\" data-element_type=\"widget\" data-e-type=\"widget\" data-widget_type=\"heading.default\">\n\t\t\t\t<div class=\"elementor-widget-container\">\n\t\t\t\t\t<h2 class=\"elementor-heading-title elementor-size-default\">part 2: ESIINTYMISVALMENNUS<\/h2>\t\t\t\t<\/div>\n\t\t\t\t<\/div>\n\t\t\t\t<div class=\"elementor-element elementor-element-7ccedbd elementor-widget elementor-widget-heading\" data-id=\"7ccedbd\" data-element_type=\"widget\" data-e-type=\"widget\" data-widget_type=\"heading.default\">\n\t\t\t\t<div class=\"elementor-widget-container\">\n\t\t\t\t\t<h3 class=\"elementor-heading-title elementor-size-default\">Kurssin kuvaus<\/h3>\t\t\t\t<\/div>\n\t\t\t\t<\/div>\n\t\t\t\t<div class=\"elementor-element elementor-element-4fe7f71 elementor-widget elementor-widget-text-editor\" data-id=\"4fe7f71\" data-element_type=\"widget\" data-e-type=\"widget\" data-widget_type=\"text-editor.default\">\n\t\t\t\t<div class=\"elementor-widget-container\">\n\t\t\t\t\t\t\t\t\t<p>Nelj\u00e4n viikon kurssi perehdytt\u00e4\u00e4 sinut esiintymisvalmennukseen, ja auttaa<br \/>sek\u00e4 h\u00e4iritsevist\u00e4 ajatuksista luopumiseen<br \/>ett\u00e4 uuden my\u00f6nteisen min\u00e4kuvan luomiseen (ilman l\u00e4\u00e4kkeit\u00e4!).<\/p><p>Pelon ja j\u00e4nnityksen hallitsemiseksi lis\u00e4\u00e4mme tietoisuutta ja<br \/>itsetuntemusta, opimme terveit\u00e4 rauhoittumiskeinoja, ja altistamme<br \/>itsemme v\u00e4hitellen kohtaamaan meit\u00e4 j\u00e4nnitt\u00e4vi\u00e4 tilanteita.<\/p><p><span data-olk-copy-source=\"MessageBody\">Nelj\u00e4n viikon\u00a0kurssi 80 \u20ac\u00a0+ alv\u00a0<\/span><\/p>\t\t\t\t\t\t\t\t<\/div>\n\t\t\t\t<\/div>\n\t\t\t\t\t<\/div>\n\t\t<\/div>\n\t\t\t\t\t<\/div>\n\t\t<\/section>\n\t\t\t\t<section class=\"elementor-section elementor-top-section elementor-element elementor-element-b2b9041 elementor-section-boxed elementor-section-height-default elementor-section-height-default\" data-id=\"b2b9041\" data-element_type=\"section\" data-e-type=\"section\">\n\t\t\t\t\t\t<div class=\"elementor-container elementor-column-gap-default\">\n\t\t\t\t\t<div class=\"elementor-column elementor-col-100 elementor-top-column elementor-element elementor-element-67e2b95\" data-id=\"67e2b95\" data-element_type=\"column\" data-e-type=\"column\">\n\t\t\t<div class=\"elementor-widget-wrap elementor-element-populated\">\n\t\t\t\t\t\t<div class=\"elementor-element elementor-element-a37c938 elementor-widget elementor-widget-heading\" data-id=\"a37c938\" data-element_type=\"widget\" data-e-type=\"widget\" data-widget_type=\"heading.default\">\n\t\t\t\t<div class=\"elementor-widget-container\">\n\t\t\t\t\t<h3 class=\"elementor-heading-title elementor-size-default\">Moduuli 1 -  Harjoittelustrategioita<\/h3>\t\t\t\t<\/div>\n\t\t\t\t<\/div>\n\t\t\t\t<div class=\"elementor-element elementor-element-e2f3a2a elementor-widget elementor-widget-text-editor\" data-id=\"e2f3a2a\" data-element_type=\"widget\" data-e-type=\"widget\" data-widget_type=\"text-editor.default\">\n\t\t\t\t<div class=\"elementor-widget-container\">\n\t\t\t\t\t\t\t\t\t<p>Orientaatio<br \/>1.1. Esityksiin valmistautuminen<br \/>2.1. Altistusharjoittelu<br \/>3.1. Ehdollistuminen<br \/>4.1. Ehdollistaminen<br \/>5.1. Kaksi asennetta<br \/>6.1. Suppeat tavoitteet \/ Missio<br \/>7.1. Lopputulos vai prosessi?<\/p>\t\t\t\t\t\t\t\t<\/div>\n\t\t\t\t<\/div>\n\t\t\t\t\t<\/div>\n\t\t<\/div>\n\t\t\t\t\t<\/div>\n\t\t<\/section>\n\t\t\t\t<section class=\"elementor-section elementor-top-section elementor-element elementor-element-13d1cbb elementor-section-boxed elementor-section-height-default elementor-section-height-default\" data-id=\"13d1cbb\" data-element_type=\"section\" data-e-type=\"section\">\n\t\t\t\t\t\t<div class=\"elementor-container elementor-column-gap-default\">\n\t\t\t\t\t<div class=\"elementor-column elementor-col-100 elementor-top-column elementor-element elementor-element-68afbcf\" data-id=\"68afbcf\" data-element_type=\"column\" data-e-type=\"column\">\n\t\t\t<div class=\"elementor-widget-wrap elementor-element-populated\">\n\t\t\t\t\t\t<div class=\"elementor-element elementor-element-35603a1 elementor-widget elementor-widget-heading\" data-id=\"35603a1\" data-element_type=\"widget\" data-e-type=\"widget\" data-widget_type=\"heading.default\">\n\t\t\t\t<div class=\"elementor-widget-container\">\n\t\t\t\t\t<h3 class=\"elementor-heading-title elementor-size-default\">Moduuli 2 -  H\u00e4iritsev\u00e4t ajatukset ja kognitiiviset v\u00e4\u00e4ristym\u00e4t &amp; hoitomuodot<\/h3>\t\t\t\t<\/div>\n\t\t\t\t<\/div>\n\t\t\t\t<div class=\"elementor-element elementor-element-4c1d458 elementor-widget elementor-widget-text-editor\" data-id=\"4c1d458\" data-element_type=\"widget\" data-e-type=\"widget\" data-widget_type=\"text-editor.default\">\n\t\t\t\t<div class=\"elementor-widget-container\">\n\t\t\t\t\t\t\t\t\t<p>Orientaatio<br \/>1.2. Ajatusten tunnistaminen<br \/>2.2. Oman tekemisen rakentava ja kriittinen tarkastelu<br \/>3.2. Tavoitteiden asettelu<br \/>4.2. Mist\u00e4 apua &#8211; Hoitomuodot<br \/>5.2. Ohjelmointien tunnistaminen ja muuttaminen<br \/>6.2. Hyv\u00e4ksymis- ja omistautumisterapia<br \/>7.2. Flow<\/p>\t\t\t\t\t\t\t\t<\/div>\n\t\t\t\t<\/div>\n\t\t\t\t\t<\/div>\n\t\t<\/div>\n\t\t\t\t\t<\/div>\n\t\t<\/section>\n\t\t\t\t<section class=\"elementor-section elementor-top-section elementor-element elementor-element-22f5451 elementor-section-boxed elementor-section-height-default elementor-section-height-default\" data-id=\"22f5451\" data-element_type=\"section\" data-e-type=\"section\">\n\t\t\t\t\t\t<div class=\"elementor-container elementor-column-gap-default\">\n\t\t\t\t\t<div class=\"elementor-column elementor-col-100 elementor-top-column elementor-element elementor-element-a26f79d\" data-id=\"a26f79d\" data-element_type=\"column\" data-e-type=\"column\">\n\t\t\t<div class=\"elementor-widget-wrap elementor-element-populated\">\n\t\t\t\t\t\t<div class=\"elementor-element elementor-element-369809e elementor-widget elementor-widget-heading\" data-id=\"369809e\" data-element_type=\"widget\" data-e-type=\"widget\" data-widget_type=\"heading.default\">\n\t\t\t\t<div class=\"elementor-widget-container\">\n\t\t\t\t\t<h3 class=\"elementor-heading-title elementor-size-default\">Moduuli 3 -  H\u00e4iritsev\u00e4t ajatukset ja kognitiiviset v\u00e4\u00e4ristym\u00e4t &amp; hoitomuodot<\/h3>\t\t\t\t<\/div>\n\t\t\t\t<\/div>\n\t\t\t\t<div class=\"elementor-element elementor-element-831ddd5 elementor-widget elementor-widget-text-editor\" data-id=\"831ddd5\" data-element_type=\"widget\" data-e-type=\"widget\" data-widget_type=\"text-editor.default\">\n\t\t\t\t<div class=\"elementor-widget-container\">\n\t\t\t\t\t\t\t\t\t<p>Orientaatio<br \/>1.3. Kuinka omakuva syntyy?<br \/>2.3. Alitajunta<br \/>3.3. Self-Talk<br \/>4.3. Neuroplastisuus<br \/>5.3. Uudelleen ohjelmointi<br \/>6.3. 3 Askelta Self-Talkin muuttamiseksi<\/p>\t\t\t\t\t\t\t\t<\/div>\n\t\t\t\t<\/div>\n\t\t\t\t\t<\/div>\n\t\t<\/div>\n\t\t\t\t\t<\/div>\n\t\t<\/section>\n\t\t\t\t<section class=\"elementor-section elementor-top-section elementor-element elementor-element-7b7f641 elementor-section-boxed elementor-section-height-default elementor-section-height-default\" data-id=\"7b7f641\" data-element_type=\"section\" data-e-type=\"section\">\n\t\t\t\t\t\t<div class=\"elementor-container elementor-column-gap-default\">\n\t\t\t\t\t<div class=\"elementor-column elementor-col-100 elementor-top-column elementor-element elementor-element-80bb5d1\" data-id=\"80bb5d1\" data-element_type=\"column\" data-e-type=\"column\">\n\t\t\t<div class=\"elementor-widget-wrap elementor-element-populated\">\n\t\t\t\t\t\t<div class=\"elementor-element elementor-element-f6e1a1d elementor-widget elementor-widget-heading\" data-id=\"f6e1a1d\" data-element_type=\"widget\" data-e-type=\"widget\" data-widget_type=\"heading.default\">\n\t\t\t\t<div class=\"elementor-widget-container\">\n\t\t\t\t\t<h3 class=\"elementor-heading-title elementor-size-default\">Moduuli 4  -  Meditaatio<\/h3>\t\t\t\t<\/div>\n\t\t\t\t<\/div>\n\t\t\t\t<div class=\"elementor-element elementor-element-0879c1d elementor-widget elementor-widget-text-editor\" data-id=\"0879c1d\" data-element_type=\"widget\" data-e-type=\"widget\" data-widget_type=\"text-editor.default\">\n\t\t\t\t<div class=\"elementor-widget-container\">\n\t\t\t\t\t\t\t\t\t<p>Orientaatio<br \/>1.4. Meditaatioharjoitukset<br \/>2.4. Ennen esityst\u00e4 teht\u00e4v\u00e4t rituaalit<br \/>3.4. H\u00e4iri\u00f6tekij\u00e4t &#8211; Tietoisen l\u00e4sn\u00e4olon vastakohdat<br \/>4.4. Visualisointi<br \/>5.4. Kuinka p\u00e4\u00e4st\u00e4 takaisin jaloilleen ik\u00e4v\u00e4n esiintymiskokemuksen j\u00e4lkeen<br \/>6.4. Muuta apua ja yleisi\u00e4 sudenkuoppia<\/p>\t\t\t\t\t\t\t\t<\/div>\n\t\t\t\t<\/div>\n\t\t\t\t\t<\/div>\n\t\t<\/div>\n\t\t\t\t\t<\/div>\n\t\t<\/section>\n\t\t\t\t<section class=\"elementor-section elementor-top-section elementor-element elementor-element-5ee8f06 elementor-section-boxed elementor-section-height-default elementor-section-height-default\" data-id=\"5ee8f06\" data-element_type=\"section\" data-e-type=\"section\">\n\t\t\t\t\t\t<div class=\"elementor-container elementor-column-gap-default\">\n\t\t\t\t\t<div class=\"elementor-column elementor-col-100 elementor-top-column elementor-element elementor-element-3f4f219\" data-id=\"3f4f219\" data-element_type=\"column\" data-e-type=\"column\">\n\t\t\t<div class=\"elementor-widget-wrap elementor-element-populated\">\n\t\t\t\t\t\t<div class=\"elementor-element elementor-element-29ec3fc elementor-align-center elementor-invisible elementor-widget elementor-widget-button\" data-id=\"29ec3fc\" data-element_type=\"widget\" data-e-type=\"widget\" data-settings=\"{&quot;_animation&quot;:&quot;fadeInUp&quot;}\" data-widget_type=\"button.default\">\n\t\t\t\t<div class=\"elementor-widget-container\">\n\t\t\t\t\t\t\t\t\t<div class=\"elementor-button-wrapper\">\n\t\t\t\t\t<a class=\"elementor-button elementor-button-link elementor-size-sm\" href=\"https:\/\/www.arkadics.com\/en\/?page_id=214#courses\">\n\t\t\t\t\t\t<span class=\"elementor-button-content-wrapper\">\n\t\t\t\t\t\t\t\t\t<span class=\"elementor-button-text\">Back to Courses<\/span>\n\t\t\t\t\t<\/span>\n\t\t\t\t\t<\/a>\n\t\t\t\t<\/div>\n\t\t\t\t\t\t\t\t<\/div>\n\t\t\t\t<\/div>\n\t\t\t\t\t<\/div>\n\t\t<\/div>\n\t\t\t\t\t<\/div>\n\t\t<\/section>\n\t\t\t\t<\/div>","protected":false},"excerpt":{"rendered":"<p>Haluatko apua esiintymisj\u00e4nnitykseen? part 2: ESIINTYMISVALMENNUS Kurssin kuvaus Nelj\u00e4n viikon kurssi perehdytt\u00e4\u00e4 sinut esiintymisvalmennukseen, ja auttaasek\u00e4 h\u00e4iritsevist\u00e4 ajatuksista luopumiseenett\u00e4 uuden my\u00f6nteisen min\u00e4kuvan luomiseen (ilman l\u00e4\u00e4kkeit\u00e4!). Pelon ja j\u00e4nnityksen hallitsemiseksi lis\u00e4\u00e4mme tietoisuutta jaitsetuntemusta, opimme terveit\u00e4 rauhoittumiskeinoja, ja altistammeitsemme v\u00e4hitellen kohtaamaan meit\u00e4 j\u00e4nnitt\u00e4vi\u00e4 tilanteita. Nelj\u00e4n viikon\u00a0kurssi 80 \u20ac\u00a0+ alv\u00a0 Moduuli 1 &#8211; Harjoittelustrategioita Orientaatio1.1. Esityksiin valmistautuminen2.1. Altistusharjoittelu3.1. [&hellip;]<\/p>\n","protected":false},"author":1,"featured_media":0,"parent":0,"menu_order":0,"comment_status":"closed","ping_status":"closed","template":"elementor_header_footer","meta":{"_monsterinsights_skip_tracking":false,"_monsterinsights_sitenote_active":false,"_monsterinsights_sitenote_note":"","_monsterinsights_sitenote_category":0,"footnotes":""},"class_list":["post-1925","page","type-page","status-publish","czr-hentry"],"aioseo_notices":[],"_links":{"self":[{"href":"https:\/\/www.arkadics.com\/en\/wp-json\/wp\/v2\/pages\/1925","targetHints":{"allow":["GET"]}}],"collection":[{"href":"https:\/\/www.arkadics.com\/en\/wp-json\/wp\/v2\/pages"}],"about":[{"href":"https:\/\/www.arkadics.com\/en\/wp-json\/wp\/v2\/types\/page"}],"author":[{"embeddable":true,"href":"https:\/\/www.arkadics.com\/en\/wp-json\/wp\/v2\/users\/1"}],"replies":[{"embeddable":true,"href":"https:\/\/www.arkadics.com\/en\/wp-json\/wp\/v2\/comments?post=1925"}],"version-history":[{"count":25,"href":"https:\/\/www.arkadics.com\/en\/wp-json\/wp\/v2\/pages\/1925\/revisions"}],"predecessor-version":[{"id":1976,"href":"https:\/\/www.arkadics.com\/en\/wp-json\/wp\/v2\/pages\/1925\/revisions\/1976"}],"wp:attachment":[{"href":"https:\/\/www.arkadics.com\/en\/wp-json\/wp\/v2\/media?parent=1925"}],"curies":[{"name":"wp","href":"https:\/\/api.w.org\/{rel}","templated":true}]}}