{"id":1186,"date":"2022-04-14T09:24:23","date_gmt":"2022-04-14T09:24:23","guid":{"rendered":"https:\/\/www.arkadics.com\/?page_id=1186"},"modified":"2022-08-08T08:02:26","modified_gmt":"2022-08-08T08:02:26","slug":"asiakkaita-pedagogina","status":"publish","type":"page","link":"https:\/\/www.arkadics.com\/en\/asiakkaita-pedagogina\/","title":{"rendered":"Asiakkaita pedagogina"},"content":{"rendered":"<div data-elementor-type=\"wp-page\" data-elementor-id=\"1186\" class=\"elementor elementor-1186\">\n\t\t\t\t\t\t<section class=\"elementor-section elementor-top-section elementor-element elementor-element-8cc6835 elementor-section-boxed elementor-section-height-default elementor-section-height-default\" data-id=\"8cc6835\" data-element_type=\"section\" data-e-type=\"section\">\n\t\t\t\t\t\t<div class=\"elementor-container elementor-column-gap-default\">\n\t\t\t\t\t<div class=\"elementor-column elementor-col-100 elementor-top-column elementor-element elementor-element-414e78f\" data-id=\"414e78f\" data-element_type=\"column\" data-e-type=\"column\">\n\t\t\t<div class=\"elementor-widget-wrap\">\n\t\t\t\t\t\t\t<\/div>\n\t\t<\/div>\n\t\t\t\t\t<\/div>\n\t\t<\/section>\n\t\t\t\t<section class=\"elementor-section elementor-top-section elementor-element elementor-element-18b7b81 elementor-section-boxed elementor-section-height-default elementor-section-height-default\" data-id=\"18b7b81\" data-element_type=\"section\" data-e-type=\"section\">\n\t\t\t\t\t\t<div class=\"elementor-container elementor-column-gap-default\">\n\t\t\t\t\t<div class=\"elementor-column elementor-col-100 elementor-top-column elementor-element elementor-element-e67b9e1\" data-id=\"e67b9e1\" data-element_type=\"column\" data-e-type=\"column\">\n\t\t\t<div class=\"elementor-widget-wrap elementor-element-populated\">\n\t\t\t\t\t\t<div class=\"elementor-element elementor-element-d869acf elementor-widget elementor-widget-heading\" data-id=\"d869acf\" data-element_type=\"widget\" data-e-type=\"widget\" data-widget_type=\"heading.default\">\n\t\t\t\t<div class=\"elementor-widget-container\">\n\t\t\t\t\t<h2 class=\"elementor-heading-title elementor-size-default\">ASIAKKAITA PEDAGOGINA<\/h2>\t\t\t\t<\/div>\n\t\t\t\t<\/div>\n\t\t\t\t\t<\/div>\n\t\t<\/div>\n\t\t\t\t\t<\/div>\n\t\t<\/section>\n\t\t\t\t<section class=\"elementor-section elementor-top-section elementor-element elementor-element-6dd08ac elementor-section-boxed elementor-section-height-default elementor-section-height-default\" data-id=\"6dd08ac\" data-element_type=\"section\" data-e-type=\"section\">\n\t\t\t\t\t\t<div class=\"elementor-container elementor-column-gap-default\">\n\t\t\t\t\t<div class=\"elementor-column elementor-col-50 elementor-top-column elementor-element elementor-element-c80e455\" data-id=\"c80e455\" data-element_type=\"column\" data-e-type=\"column\">\n\t\t\t<div class=\"elementor-widget-wrap elementor-element-populated\">\n\t\t\t\t\t\t<div class=\"elementor-element elementor-element-376ff8e elementor-widget elementor-widget-text-editor\" data-id=\"376ff8e\" data-element_type=\"widget\" data-e-type=\"widget\" data-widget_type=\"text-editor.default\">\n\t\t\t\t<div class=\"elementor-widget-container\">\n\t\t\t\t\t\t\t\t\t<div class=\"bio_column\"><p>Alaj\u00e4rven Musiikkiopisto<\/p><p>Heinolan Musiikkiopisto<\/p><p>Heinolan Kansalaisopisto<\/p><p>Heinolan Musiikinyst\u00e4v\u00e4t<\/p><p>Hyvink\u00e4\u00e4n Musiikkiopisto<\/p><p>Joutsan Kansalaisopisto<\/p><p>Joutsan lukio<\/p><p>Jyv\u00e4skyl\u00e4n Ammattiopisto (JAO)<\/p><p>Jyv\u00e4skyl\u00e4n Ammattikorkeakoulu (JAMK)<\/p><p>Keski-Pohjanmaan Konservatorio<\/p><p>Porvoon Musiikkiopisto<\/p><p>Modus Nova<\/p><\/div>\t\t\t\t\t\t\t\t<\/div>\n\t\t\t\t<\/div>\n\t\t\t\t\t<\/div>\n\t\t<\/div>\n\t\t\t\t<div class=\"elementor-column elementor-col-50 elementor-top-column elementor-element elementor-element-b55900a\" data-id=\"b55900a\" data-element_type=\"column\" data-e-type=\"column\">\n\t\t\t<div class=\"elementor-widget-wrap elementor-element-populated\">\n\t\t\t\t\t\t<div class=\"elementor-element elementor-element-f4f733b elementor-widget elementor-widget-text-editor\" data-id=\"f4f733b\" data-element_type=\"widget\" data-e-type=\"widget\" data-widget_type=\"text-editor.default\">\n\t\t\t\t<div class=\"elementor-widget-container\">\n\t\t\t\t\t\t\t\t\t<div class=\"bio_column\"><p>Kymi Brass<\/p><p>Lyseonm\u00e4en koulu (Heinola)<\/p><p>Metropolia<\/p><p>Mikkelin Musiikkiopisto<\/p><p>Otavan Opisto<\/p><p>Poliisisoittokunta<\/p><p>Pop&amp;Jazz Konservatorio<\/p><p>Riihim\u00e4en Musiikkiopisto<\/p><p>Ruskatr\u00f6\u00f6tt\u00e4<\/p><p>Stadia<\/p><p>Limingan Musiikkileiri<\/p><p>Popjazzleiri<\/p><p>\u00a0<\/p><\/div>\t\t\t\t\t\t\t\t<\/div>\n\t\t\t\t<\/div>\n\t\t\t\t\t<\/div>\n\t\t<\/div>\n\t\t\t\t\t<\/div>\n\t\t<\/section>\n\t\t\t\t<section class=\"elementor-section elementor-top-section elementor-element elementor-element-b24a9cd elementor-section-boxed elementor-section-height-default elementor-section-height-default\" data-id=\"b24a9cd\" data-element_type=\"section\" data-e-type=\"section\">\n\t\t\t\t\t\t<div class=\"elementor-container elementor-column-gap-default\">\n\t\t\t\t\t<div class=\"elementor-column elementor-col-100 elementor-top-column elementor-element elementor-element-8ea6799\" data-id=\"8ea6799\" data-element_type=\"column\" data-e-type=\"column\">\n\t\t\t<div class=\"elementor-widget-wrap elementor-element-populated\">\n\t\t\t\t\t\t<div class=\"elementor-element elementor-element-3d7775e elementor-align-center elementor-invisible elementor-widget elementor-widget-button\" data-id=\"3d7775e\" data-element_type=\"widget\" data-e-type=\"widget\" data-settings=\"{&quot;_animation&quot;:&quot;fadeInUp&quot;}\" data-widget_type=\"button.default\">\n\t\t\t\t<div class=\"elementor-widget-container\">\n\t\t\t\t\t\t\t\t\t<div class=\"elementor-button-wrapper\">\n\t\t\t\t\t<a class=\"elementor-button elementor-button-link elementor-size-sm\" href=\"https:\/\/www.arkadics.com\/en\/bio\/\">\n\t\t\t\t\t\t<span class=\"elementor-button-content-wrapper\">\n\t\t\t\t\t\t\t\t\t<span class=\"elementor-button-text\">Back<\/span>\n\t\t\t\t\t<\/span>\n\t\t\t\t\t<\/a>\n\t\t\t\t<\/div>\n\t\t\t\t\t\t\t\t<\/div>\n\t\t\t\t<\/div>\n\t\t\t\t\t<\/div>\n\t\t<\/div>\n\t\t\t\t\t<\/div>\n\t\t<\/section>\n\t\t\t\t<\/div>","protected":false},"excerpt":{"rendered":"<p>ASIAKKAITA PEDAGOGINA Alaj\u00e4rven Musiikkiopisto Heinolan Musiikkiopisto Heinolan Kansalaisopisto Heinolan Musiikinyst\u00e4v\u00e4t Hyvink\u00e4\u00e4n Musiikkiopisto Joutsan Kansalaisopisto Joutsan lukio Jyv\u00e4skyl\u00e4n Ammattiopisto (JAO) Jyv\u00e4skyl\u00e4n Ammattikorkeakoulu (JAMK) Keski-Pohjanmaan Konservatorio Porvoon Musiikkiopisto Modus Nova Kymi Brass Lyseonm\u00e4en koulu (Heinola) Metropolia Mikkelin Musiikkiopisto Otavan Opisto Poliisisoittokunta Pop&amp;Jazz Konservatorio Riihim\u00e4en Musiikkiopisto Ruskatr\u00f6\u00f6tt\u00e4 Stadia Limingan Musiikkileiri Popjazzleiri Takaisin<\/p>","protected":false},"author":1,"featured_media":0,"parent":0,"menu_order":0,"comment_status":"closed","ping_status":"closed","template":"elementor_header_footer","meta":{"_monsterinsights_skip_tracking":false,"_monsterinsights_sitenote_active":false,"_monsterinsights_sitenote_note":"","_monsterinsights_sitenote_category":0,"footnotes":""},"class_list":["post-1186","page","type-page","status-publish","czr-hentry"],"aioseo_notices":[],"_links":{"self":[{"href":"https:\/\/www.arkadics.com\/en\/wp-json\/wp\/v2\/pages\/1186","targetHints":{"allow":["GET"]}}],"collection":[{"href":"https:\/\/www.arkadics.com\/en\/wp-json\/wp\/v2\/pages"}],"about":[{"href":"https:\/\/www.arkadics.com\/en\/wp-json\/wp\/v2\/types\/page"}],"author":[{"embeddable":true,"href":"https:\/\/www.arkadics.com\/en\/wp-json\/wp\/v2\/users\/1"}],"replies":[{"embeddable":true,"href":"https:\/\/www.arkadics.com\/en\/wp-json\/wp\/v2\/comments?post=1186"}],"version-history":[{"count":12,"href":"https:\/\/www.arkadics.com\/en\/wp-json\/wp\/v2\/pages\/1186\/revisions"}],"predecessor-version":[{"id":1540,"href":"https:\/\/www.arkadics.com\/en\/wp-json\/wp\/v2\/pages\/1186\/revisions\/1540"}],"wp:attachment":[{"href":"https:\/\/www.arkadics.com\/en\/wp-json\/wp\/v2\/media?parent=1186"}],"curies":[{"name":"wp","href":"https:\/\/api.w.org\/{rel}","templated":true}]}}