{"id":1157,"date":"2022-04-14T09:15:46","date_gmt":"2022-04-14T09:15:46","guid":{"rendered":"https:\/\/www.arkadics.com\/?page_id=1157"},"modified":"2022-08-08T08:01:42","modified_gmt":"2022-08-08T08:01:42","slug":"asiakkaita-saveltajana","status":"publish","type":"page","link":"https:\/\/www.arkadics.com\/en\/asiakkaita-saveltajana\/","title":{"rendered":"Asiakkaita s\u00e4velt\u00e4j\u00e4n\u00e4"},"content":{"rendered":"<div data-elementor-type=\"wp-page\" data-elementor-id=\"1157\" class=\"elementor elementor-1157\">\n\t\t\t\t\t\t<section class=\"elementor-section elementor-top-section elementor-element elementor-element-18b7b81 elementor-section-boxed elementor-section-height-default elementor-section-height-default\" data-id=\"18b7b81\" data-element_type=\"section\" data-e-type=\"section\">\n\t\t\t\t\t\t<div class=\"elementor-container elementor-column-gap-default\">\n\t\t\t\t\t<div class=\"elementor-column elementor-col-100 elementor-top-column elementor-element elementor-element-e67b9e1\" data-id=\"e67b9e1\" data-element_type=\"column\" data-e-type=\"column\">\n\t\t\t<div class=\"elementor-widget-wrap elementor-element-populated\">\n\t\t\t\t\t\t<div class=\"elementor-element elementor-element-d869acf elementor-widget elementor-widget-heading\" data-id=\"d869acf\" data-element_type=\"widget\" data-e-type=\"widget\" data-widget_type=\"heading.default\">\n\t\t\t\t<div class=\"elementor-widget-container\">\n\t\t\t\t\t<h2 class=\"elementor-heading-title elementor-size-default\">ASIAKKAITA S\u00c4VELT\u00c4J\u00c4N\u00c4<\/h2>\t\t\t\t<\/div>\n\t\t\t\t<\/div>\n\t\t\t\t\t<\/div>\n\t\t<\/div>\n\t\t\t\t\t<\/div>\n\t\t<\/section>\n\t\t\t\t<section class=\"elementor-section elementor-top-section elementor-element elementor-element-b24a9cd elementor-section-boxed elementor-section-height-default elementor-section-height-default\" data-id=\"b24a9cd\" data-element_type=\"section\" data-e-type=\"section\">\n\t\t\t\t\t\t<div class=\"elementor-container elementor-column-gap-default\">\n\t\t\t\t\t<div class=\"elementor-column elementor-col-100 elementor-top-column elementor-element elementor-element-e16ccb7\" data-id=\"e16ccb7\" data-element_type=\"column\" data-e-type=\"column\">\n\t\t\t<div class=\"elementor-widget-wrap elementor-element-populated\">\n\t\t\t\t\t\t<div class=\"elementor-element elementor-element-8d8590d elementor-widget elementor-widget-text-editor\" data-id=\"8d8590d\" data-element_type=\"widget\" data-e-type=\"widget\" data-widget_type=\"text-editor.default\">\n\t\t\t\t<div class=\"elementor-widget-container\">\n\t\t\t\t\t\t\t\t\t<div class=\"bio_column\"><p>ESA Jazz Orchestra<\/p><p>Heinolan Kaupunki<\/p><p>Joutokanava<\/p><p>Jyv\u00e4skyl\u00e4 Big Band<\/p><p>Kari Kaipainen<\/p><p>Lions Club Joutsa<\/p><p>Mosabacka Big Band<\/p><p>Savon Sotilassoittokunnan Big Band<\/p><p>Suomen Big Band Yhdistys<\/p><p>Rengon Keinu<\/p><p>UMO<\/p><p>Skills Finland r.y.<\/p><\/div>\t\t\t\t\t\t\t\t<\/div>\n\t\t\t\t<\/div>\n\t\t\t\t<div class=\"elementor-element elementor-element-3d7775e elementor-align-center elementor-invisible elementor-widget elementor-widget-button\" data-id=\"3d7775e\" data-element_type=\"widget\" data-e-type=\"widget\" data-settings=\"{&quot;_animation&quot;:&quot;fadeInUp&quot;}\" data-widget_type=\"button.default\">\n\t\t\t\t<div class=\"elementor-widget-container\">\n\t\t\t\t\t\t\t\t\t<div class=\"elementor-button-wrapper\">\n\t\t\t\t\t<a class=\"elementor-button elementor-button-link elementor-size-sm\" href=\"https:\/\/www.arkadics.com\/en\/bio\/\">\n\t\t\t\t\t\t<span class=\"elementor-button-content-wrapper\">\n\t\t\t\t\t\t\t\t\t<span class=\"elementor-button-text\">Back<\/span>\n\t\t\t\t\t<\/span>\n\t\t\t\t\t<\/a>\n\t\t\t\t<\/div>\n\t\t\t\t\t\t\t\t<\/div>\n\t\t\t\t<\/div>\n\t\t\t\t\t<\/div>\n\t\t<\/div>\n\t\t\t\t\t<\/div>\n\t\t<\/section>\n\t\t\t\t<\/div>","protected":false},"excerpt":{"rendered":"<p>ASIAKKAITA S\u00c4VELT\u00c4J\u00c4N\u00c4 ESA Jazz Orchestra Heinolan Kaupunki Joutokanava Jyv\u00e4skyl\u00e4 Big Band Kari Kaipainen Lions Club Joutsa Mosabacka Big Band Savon Sotilassoittokunnan Big Band Suomen Big Band Yhdistys Rengon Keinu UMO Skills Finland r.y. Takaisin<\/p>","protected":false},"author":1,"featured_media":0,"parent":0,"menu_order":0,"comment_status":"closed","ping_status":"closed","template":"elementor_header_footer","meta":{"_monsterinsights_skip_tracking":false,"_monsterinsights_sitenote_active":false,"_monsterinsights_sitenote_note":"","_monsterinsights_sitenote_category":0,"footnotes":""},"class_list":["post-1157","page","type-page","status-publish","czr-hentry"],"aioseo_notices":[],"_links":{"self":[{"href":"https:\/\/www.arkadics.com\/en\/wp-json\/wp\/v2\/pages\/1157","targetHints":{"allow":["GET"]}}],"collection":[{"href":"https:\/\/www.arkadics.com\/en\/wp-json\/wp\/v2\/pages"}],"about":[{"href":"https:\/\/www.arkadics.com\/en\/wp-json\/wp\/v2\/types\/page"}],"author":[{"embeddable":true,"href":"https:\/\/www.arkadics.com\/en\/wp-json\/wp\/v2\/users\/1"}],"replies":[{"embeddable":true,"href":"https:\/\/www.arkadics.com\/en\/wp-json\/wp\/v2\/comments?post=1157"}],"version-history":[{"count":15,"href":"https:\/\/www.arkadics.com\/en\/wp-json\/wp\/v2\/pages\/1157\/revisions"}],"predecessor-version":[{"id":1548,"href":"https:\/\/www.arkadics.com\/en\/wp-json\/wp\/v2\/pages\/1157\/revisions\/1548"}],"wp:attachment":[{"href":"https:\/\/www.arkadics.com\/en\/wp-json\/wp\/v2\/media?parent=1157"}],"curies":[{"name":"wp","href":"https:\/\/api.w.org\/{rel}","templated":true}]}}