{"id":1111,"date":"2022-04-14T09:06:09","date_gmt":"2022-04-14T09:06:09","guid":{"rendered":"https:\/\/www.arkadics.com\/?page_id=1111"},"modified":"2023-09-01T09:40:03","modified_gmt":"2023-09-01T09:40:03","slug":"asiakkaita-kapellimestarina","status":"publish","type":"page","link":"https:\/\/www.arkadics.com\/en\/asiakkaita-kapellimestarina\/","title":{"rendered":"Asiakkaita kapellimestarina"},"content":{"rendered":"<div data-elementor-type=\"wp-page\" data-elementor-id=\"1111\" class=\"elementor elementor-1111\">\n\t\t\t\t\t\t<section class=\"elementor-section elementor-top-section elementor-element elementor-element-18b7b81 elementor-section-boxed elementor-section-height-default elementor-section-height-default\" data-id=\"18b7b81\" data-element_type=\"section\" data-e-type=\"section\">\n\t\t\t\t\t\t<div class=\"elementor-container elementor-column-gap-default\">\n\t\t\t\t\t<div class=\"elementor-column elementor-col-100 elementor-top-column elementor-element elementor-element-e67b9e1\" data-id=\"e67b9e1\" data-element_type=\"column\" data-e-type=\"column\">\n\t\t\t<div class=\"elementor-widget-wrap elementor-element-populated\">\n\t\t\t\t\t\t<div class=\"elementor-element elementor-element-d869acf elementor-widget elementor-widget-heading\" data-id=\"d869acf\" data-element_type=\"widget\" data-e-type=\"widget\" data-widget_type=\"heading.default\">\n\t\t\t\t<div class=\"elementor-widget-container\">\n\t\t\t\t\t<h2 class=\"elementor-heading-title elementor-size-default\">ASIAKKAITA KAPELLIMESTARINA<\/h2>\t\t\t\t<\/div>\n\t\t\t\t<\/div>\n\t\t\t\t\t<\/div>\n\t\t<\/div>\n\t\t\t\t\t<\/div>\n\t\t<\/section>\n\t\t\t\t<section class=\"elementor-section elementor-top-section elementor-element elementor-element-5bcfd06 elementor-section-boxed elementor-section-height-default elementor-section-height-default\" data-id=\"5bcfd06\" data-element_type=\"section\" data-e-type=\"section\">\n\t\t\t\t\t\t<div class=\"elementor-container elementor-column-gap-default\">\n\t\t\t\t\t<div class=\"elementor-column elementor-col-33 elementor-top-column elementor-element elementor-element-892bba4\" data-id=\"892bba4\" data-element_type=\"column\" data-e-type=\"column\">\n\t\t\t<div class=\"elementor-widget-wrap elementor-element-populated\">\n\t\t\t\t\t\t<div class=\"elementor-element elementor-element-4d2a90d elementor-widget elementor-widget-text-editor\" data-id=\"4d2a90d\" data-element_type=\"widget\" data-e-type=\"widget\" data-widget_type=\"text-editor.default\">\n\t\t\t\t<div class=\"elementor-widget-container\">\n\t\t\t\t\t\t\t\t\t<div class=\"bio_column\"><p>Pepe Ahlqvist<\/p><p>Niko Ahvonen<\/p><p>Heinola Big Band<\/p><p>HOS Big Band<\/p><p>Ida Boucht<\/p><p>Rock&#8217;n Roll Dance Club Comets<\/p><p>Anna Dantchev<\/p><p>Fredrik Erlandson<\/p><p>Grani Big Band<\/p><p>Nathaly G\u00f3mez<\/p><p>The Great Helsinki Swing Big Band<\/p><p>Johanna Gr\u00fcssner<\/p><p>Marja Mattlar<\/p><p>Matti Heinivaho<\/p><p>Ilmavoimien Soittokunta<\/p><p>Ilmavoimien Big Band<\/p><p>Jyv\u00e4skyl\u00e4 Big Band<\/p><p>Kuopion Kaupunginorkesteri<\/p><p>\u00a0<\/p><\/div>\t\t\t\t\t\t\t\t<\/div>\n\t\t\t\t<\/div>\n\t\t\t\t\t<\/div>\n\t\t<\/div>\n\t\t\t\t<div class=\"elementor-column elementor-col-33 elementor-top-column elementor-element elementor-element-7ed2522\" data-id=\"7ed2522\" data-element_type=\"column\" data-e-type=\"column\">\n\t\t\t<div class=\"elementor-widget-wrap elementor-element-populated\">\n\t\t\t\t\t\t<div class=\"elementor-element elementor-element-d925347 elementor-widget__width-initial elementor-widget elementor-widget-text-editor\" data-id=\"d925347\" data-element_type=\"widget\" data-e-type=\"widget\" data-widget_type=\"text-editor.default\">\n\t\t\t\t<div class=\"elementor-widget-container\">\n\t\t\t\t\t\t\t\t\t<div class=\"bio_column\"><p>Lahti Big Band<\/p><p>Pentti Lasanen<\/p><p>Regina Launivuo<\/p><p>Kaj Lind<\/p><p>Lasse Liemola<\/p><p>Reija Lang<\/p><p>Heikki Teittinen<\/p><p>Mikkelin Varuskuntasoittokunnan Perinneyhdistys<\/p><p>Mosabacka Big Band<\/p><p>Bina Nkwazi<\/p><p>Camilo Pajuelo<\/p><p>Pirtin Puhaltajat<\/p><p>Porvoo Big Band<\/p><p>Matti Oliling<\/p><p>Riihim\u00e4en Orkesteri<\/p><p>Sein\u00e4joen Orkesteri<\/p><p>Dizzy Queens<\/p><p>Antti Sarpila<\/p><p>\u00a0<\/p><\/div>\t\t\t\t\t\t\t\t<\/div>\n\t\t\t\t<\/div>\n\t\t\t\t\t<\/div>\n\t\t<\/div>\n\t\t\t\t<div class=\"elementor-column elementor-col-33 elementor-top-column elementor-element elementor-element-c898d83\" data-id=\"c898d83\" data-element_type=\"column\" data-e-type=\"column\">\n\t\t\t<div class=\"elementor-widget-wrap elementor-element-populated\">\n\t\t\t\t\t\t<div class=\"elementor-element elementor-element-6d9cbe8 elementor-widget elementor-widget-text-editor\" data-id=\"6d9cbe8\" data-element_type=\"widget\" data-e-type=\"widget\" data-widget_type=\"text-editor.default\">\n\t\t\t\t<div class=\"elementor-widget-container\">\n\t\t\t\t\t\t\t\t\t<p>Emilia Sisco<\/p><p>Soul Strings<\/p><p>Sirpa Suomalainen<\/p><p>Anastasia Trizna<\/p><p>Erja Uitto<\/p><p>UMO<\/p><p>Geir R\u00f6nning<\/p><p>Juki V\u00e4lipakka<\/p><p>Ulf Johansson Werre<\/p><p>Hanna-Lisa V\u00f6sa<\/p><p>Timo Wuori<\/p><p>Pentti Lahti<\/p><p>TixiBand<\/p><p>Hanna Ahponen<\/p><p>PJK Alumni Big Band<\/p><p>Martti Suosalo<\/p><p>Mari Mantela<\/p><p>Tomi Kettunen<\/p>\t\t\t\t\t\t\t\t<\/div>\n\t\t\t\t<\/div>\n\t\t\t\t\t<\/div>\n\t\t<\/div>\n\t\t\t\t\t<\/div>\n\t\t<\/section>\n\t\t\t\t<section class=\"elementor-section elementor-top-section elementor-element elementor-element-b24a9cd elementor-section-boxed elementor-section-height-default elementor-section-height-default\" data-id=\"b24a9cd\" data-element_type=\"section\" data-e-type=\"section\">\n\t\t\t\t\t\t<div class=\"elementor-container elementor-column-gap-default\">\n\t\t\t\t\t<div class=\"elementor-column elementor-col-100 elementor-top-column elementor-element elementor-element-8ea6799\" data-id=\"8ea6799\" data-element_type=\"column\" data-e-type=\"column\">\n\t\t\t<div class=\"elementor-widget-wrap elementor-element-populated\">\n\t\t\t\t\t\t<div class=\"elementor-element elementor-element-3d7775e elementor-align-center elementor-invisible elementor-widget elementor-widget-button\" data-id=\"3d7775e\" data-element_type=\"widget\" data-e-type=\"widget\" data-settings=\"{&quot;_animation&quot;:&quot;fadeInUp&quot;}\" data-widget_type=\"button.default\">\n\t\t\t\t<div class=\"elementor-widget-container\">\n\t\t\t\t\t\t\t\t\t<div class=\"elementor-button-wrapper\">\n\t\t\t\t\t<a class=\"elementor-button elementor-button-link elementor-size-sm\" href=\"https:\/\/www.arkadics.com\/en\/bio\/\">\n\t\t\t\t\t\t<span class=\"elementor-button-content-wrapper\">\n\t\t\t\t\t\t\t\t\t<span class=\"elementor-button-text\">Back<\/span>\n\t\t\t\t\t<\/span>\n\t\t\t\t\t<\/a>\n\t\t\t\t<\/div>\n\t\t\t\t\t\t\t\t<\/div>\n\t\t\t\t<\/div>\n\t\t\t\t\t<\/div>\n\t\t<\/div>\n\t\t\t\t\t<\/div>\n\t\t<\/section>\n\t\t\t\t<\/div>","protected":false},"excerpt":{"rendered":"<p>ASIAKKAITA KAPELLIMESTARINA Pepe Ahlqvist Niko Ahvonen Heinola Big Band HOS Big Band Ida Boucht Rock&#8217;n Roll Dance Club Comets Anna Dantchev Fredrik Erlandson Grani Big Band Nathaly G\u00f3mez The Great Helsinki Swing Big Band Johanna Gr\u00fcssner Marja Mattlar Matti Heinivaho Ilmavoimien Soittokunta Ilmavoimien Big Band Jyv\u00e4skyl\u00e4 Big Band Kuopion Kaupunginorkesteri \u00a0 Lahti Big Band Pentti [&hellip;]<\/p>\n","protected":false},"author":1,"featured_media":0,"parent":0,"menu_order":0,"comment_status":"closed","ping_status":"closed","template":"elementor_header_footer","meta":{"_monsterinsights_skip_tracking":false,"_monsterinsights_sitenote_active":false,"_monsterinsights_sitenote_note":"","_monsterinsights_sitenote_category":0,"footnotes":""},"class_list":["post-1111","page","type-page","status-publish","czr-hentry"],"aioseo_notices":[],"_links":{"self":[{"href":"https:\/\/www.arkadics.com\/en\/wp-json\/wp\/v2\/pages\/1111","targetHints":{"allow":["GET"]}}],"collection":[{"href":"https:\/\/www.arkadics.com\/en\/wp-json\/wp\/v2\/pages"}],"about":[{"href":"https:\/\/www.arkadics.com\/en\/wp-json\/wp\/v2\/types\/page"}],"author":[{"embeddable":true,"href":"https:\/\/www.arkadics.com\/en\/wp-json\/wp\/v2\/users\/1"}],"replies":[{"embeddable":true,"href":"https:\/\/www.arkadics.com\/en\/wp-json\/wp\/v2\/comments?post=1111"}],"version-history":[{"count":23,"href":"https:\/\/www.arkadics.com\/en\/wp-json\/wp\/v2\/pages\/1111\/revisions"}],"predecessor-version":[{"id":1646,"href":"https:\/\/www.arkadics.com\/en\/wp-json\/wp\/v2\/pages\/1111\/revisions\/1646"}],"wp:attachment":[{"href":"https:\/\/www.arkadics.com\/en\/wp-json\/wp\/v2\/media?parent=1111"}],"curies":[{"name":"wp","href":"https:\/\/api.w.org\/{rel}","templated":true}]}}